{"id":68392,"date":"2023-03-01T09:20:56","date_gmt":"2023-03-01T09:20:56","guid":{"rendered":"https:\/\/explorial.com\/trails\/visita-de-la-ciudad-cascais-1\/"},"modified":"2024-09-17T13:18:02","modified_gmt":"2024-09-17T13:18:02","slug":"visita-de-la-ciudad-cascais-1","status":"publish","type":"product","link":"https:\/\/explorial.com\/es\/trails\/visita-de-la-ciudad-cascais-1\/","title":{"rendered":"Cascais"},"content":{"rendered":"","protected":false},"excerpt":{"rendered":"","protected":false},"featured_media":68243,"comment_status":"open","ping_status":"closed","template":"","meta":{"_acf_changed":false},"product_brand":[],"product_cat":[478,480],"product_tag":[1074],"class_list":{"0":"post-68392","1":"product","2":"type-product","3":"status-publish","4":"has-post-thumbnail","6":"product_cat-portugal-es","7":"product_cat-lisbon-region-es","8":"product_tag-cascais-es","10":"first","11":"instock","12":"sale","13":"taxable","14":"shipping-taxable","15":"purchasable","16":"product-type-variable"},"acf":{"city_name":"Cascais","city_name_display":"Cascais","languages":"Ingl\u00e9s, Portugu\u00e9s, Espa\u00f1ol, Franc\u00e9s, Alem\u00e1n","duration":"aprox. 1.5 - 2 horas","description_1":"","description_2":"","city_description":"Antiguo pueblo de pescadores, Cascais se convirti\u00f3 en el primer lugar de veraneo de Portugal en el siglo XIX. Este hermoso pueblo, situado en la costa norte de Lisboa, a\u00fan conserva su encanto, su esp\u00edritu cosmopolita y su animaci\u00f3n. \u00a1Ser\u00e1 imposible visitar Cascais sin enamorarse de sus encantos!","short_description":"","notes":"","header_image":155281,"highlight_locations":"Marina de Cascais, Praia de Santa Marta, Palacete Seixas","additional_wheelchair":"Lamentablemente, este recorrido es s\u00f3lo parcialmente apto para sillas de ruedas y coches de beb\u00e9s debido a los desniveles y escaleras. No obstante, el recorrido se puede realizar, pero algunos tramos pueden ser de dif\u00edcil acceso.","voucher_link":"","start_location_coordinates":"38.6989, -9.42045","start_location_name":"Restaurante Casa Velha","start_location_address":"Av. Valbom 1, 2750-508 (Portugal)","end_location_name":"Playa de Santa Marta","partner_object":null},"_links":{"self":[{"href":"https:\/\/explorial.com\/es\/wp-json\/wp\/v2\/product\/68392","targetHints":{"allow":["GET"]}}],"collection":[{"href":"https:\/\/explorial.com\/es\/wp-json\/wp\/v2\/product"}],"about":[{"href":"https:\/\/explorial.com\/es\/wp-json\/wp\/v2\/types\/product"}],"replies":[{"embeddable":true,"href":"https:\/\/explorial.com\/es\/wp-json\/wp\/v2\/comments?post=68392"}],"wp:featuredmedia":[{"embeddable":true,"href":"https:\/\/explorial.com\/es\/wp-json\/wp\/v2\/media\/68243"}],"wp:attachment":[{"href":"https:\/\/explorial.com\/es\/wp-json\/wp\/v2\/media?parent=68392"}],"wp:term":[{"taxonomy":"product_brand","embeddable":true,"href":"https:\/\/explorial.com\/es\/wp-json\/wp\/v2\/product_brand?post=68392"},{"taxonomy":"product_cat","embeddable":true,"href":"https:\/\/explorial.com\/es\/wp-json\/wp\/v2\/product_cat?post=68392"},{"taxonomy":"product_tag","embeddable":true,"href":"https:\/\/explorial.com\/es\/wp-json\/wp\/v2\/product_tag?post=68392"}],"curies":[{"name":"wp","href":"https:\/\/api.w.org\/{rel}","templated":true}]}}