{"id":66306,"date":"2023-02-17T11:03:56","date_gmt":"2023-02-17T11:03:56","guid":{"rendered":"https:\/\/explorial.com\/trails\/visita-de-la-ciudad-granada-2\/"},"modified":"2024-09-17T07:31:02","modified_gmt":"2024-09-17T07:31:02","slug":"visita-de-la-ciudad-granada-2","status":"publish","type":"product","link":"https:\/\/explorial.com\/es\/trails\/visita-de-la-ciudad-granada-2\/","title":{"rendered":"Granada (Alhambra)"},"content":{"rendered":"","protected":false},"excerpt":{"rendered":"","protected":false},"featured_media":66157,"comment_status":"open","ping_status":"closed","template":"","meta":{"_acf_changed":false},"product_brand":[],"product_cat":[428,422],"product_tag":[432],"class_list":{"0":"post-66306","1":"product","2":"type-product","3":"status-publish","4":"has-post-thumbnail","6":"product_cat-andalusia-es","7":"product_cat-spain-es","8":"product_tag-granada-es","10":"first","11":"instock","12":"sale","13":"taxable","14":"shipping-taxable","15":"purchasable","16":"product-type-variable"},"acf":{"city_name":"Granada","city_name_display":"Granada (Alhambra)","languages":"Ingl\u00e9s, Espa\u00f1ol, Franc\u00e9s, Alem\u00e1n","duration":"aprox. 1.5 - 2 horas","description_1":"","description_2":"","city_description":"Ning\u00fan viaje a Granada est\u00e1 completo sin una visita a la Alhambra. Este lugar, declarado Patrimonio de la Humanidad por la UNESCO, es uno de los m\u00e1s bellos de Espa\u00f1a y una reliquia del pasado \u00e1rabe. Hay una agradable tranquilidad que emana de sus palacios, torres, jardines y fuentes con su relajante sonido del agua. \u00a1El encanto de este lugar m\u00e1gico te dejar\u00e1 sin palabras!","short_description":"Explora la fascinante historia de la Alhambra en esta visita y b\u00fasqueda del tesoro autoguiada a pie. Aprende curiosidades sobre la ciudad, resuelve acertijos y, lo m\u00e1s importante, \u00a1divi\u00e9rtete mucho!","notes":"**\u00a1NO se requiere entrada a la Alhambra!**\n\nEste juego tiene lugar fuera de la zona de pago de la Alhambra. Por lo tanto, \u00a1no se requiere ninguna entrada para la Alhambra!","header_image":66151,"highlight_locations":"Puerta del Vino, Palacio de Carlos V, Puerta de la Justicia ","additional_wheelchair":"Lamentablemente, este recorrido es s\u00f3lo parcialmente apto para sillas de ruedas y coches de beb\u00e9s debido a los desniveles y escaleras. No obstante, el recorrido se puede realizar, pero algunos tramos pueden ser de dif\u00edcil acceso.","voucher_link":"","start_location_coordinates":"37.17584, -3.59014","start_location_name":"Pilar de Carlos V ","start_location_address":"C. Real de la Alhambra, 16, 18009 Espa\u00f1a","end_location_name":"Los Ca\u00f1ones de la Alhambra","partner_object":null},"_links":{"self":[{"href":"https:\/\/explorial.com\/es\/wp-json\/wp\/v2\/product\/66306","targetHints":{"allow":["GET"]}}],"collection":[{"href":"https:\/\/explorial.com\/es\/wp-json\/wp\/v2\/product"}],"about":[{"href":"https:\/\/explorial.com\/es\/wp-json\/wp\/v2\/types\/product"}],"replies":[{"embeddable":true,"href":"https:\/\/explorial.com\/es\/wp-json\/wp\/v2\/comments?post=66306"}],"wp:featuredmedia":[{"embeddable":true,"href":"https:\/\/explorial.com\/es\/wp-json\/wp\/v2\/media\/66157"}],"wp:attachment":[{"href":"https:\/\/explorial.com\/es\/wp-json\/wp\/v2\/media?parent=66306"}],"wp:term":[{"taxonomy":"product_brand","embeddable":true,"href":"https:\/\/explorial.com\/es\/wp-json\/wp\/v2\/product_brand?post=66306"},{"taxonomy":"product_cat","embeddable":true,"href":"https:\/\/explorial.com\/es\/wp-json\/wp\/v2\/product_cat?post=66306"},{"taxonomy":"product_tag","embeddable":true,"href":"https:\/\/explorial.com\/es\/wp-json\/wp\/v2\/product_tag?post=66306"}],"curies":[{"name":"wp","href":"https:\/\/api.w.org\/{rel}","templated":true}]}}