{"id":46173,"date":"2020-07-30T08:20:02","date_gmt":"2020-07-30T08:20:02","guid":{"rendered":"https:\/\/explorial.com\/trails\/visita-de-la-ciudad-stein-am-rhein-1\/"},"modified":"2024-09-16T09:55:45","modified_gmt":"2024-09-16T09:55:45","slug":"visita-de-la-ciudad-stein-am-rhein-1","status":"publish","type":"product","link":"https:\/\/explorial.com\/es\/trails\/visita-de-la-ciudad-stein-am-rhein-1\/","title":{"rendered":"Stein am Rhein"},"content":{"rendered":"","protected":false},"excerpt":{"rendered":"","protected":false},"featured_media":46035,"comment_status":"open","ping_status":"closed","template":"","meta":{"_acf_changed":false},"product_brand":[],"product_cat":[821,826],"product_tag":[930],"class_list":{"0":"post-46173","1":"product","2":"type-product","3":"status-publish","4":"has-post-thumbnail","6":"product_cat-switzerland-es","7":"product_cat-eastern-switzerland-es","8":"product_tag-stein-am-rhein-pt","10":"first","11":"instock","12":"sale","13":"taxable","14":"shipping-taxable","15":"purchasable","16":"product-type-variable"},"acf":{"city_name":"Stein am Rhein","city_name_display":"Stein am Rhein","languages":"Alem\u00e1n","duration":"aprox. 1.5 - 2 horas","description_1":"","description_2":"","city_description":"","short_description":"","notes":"","header_image":46000,"highlight_locations":"Kirche Burg und R\u00f6merkastell, Undertor, Rathaus","additional_wheelchair":"Lamentablemente, este recorrido es s\u00f3lo parcialmente apto para sillas de ruedas y coches de beb\u00e9s debido a los desniveles y escaleras. No obstante, el recorrido se puede realizar, pero algunos tramos pueden ser de dif\u00edcil acceso.","voucher_link":"","start_location_coordinates":"47.6593933, 8.8598389","start_location_name":"B\u00fcrgerasyl","start_location_address":"Oberstadt 3\n8260 Stein am Rhein","end_location_name":"Kirche Burg und R\u00f6merkastell","partner_object":73013},"_links":{"self":[{"href":"https:\/\/explorial.com\/es\/wp-json\/wp\/v2\/product\/46173","targetHints":{"allow":["GET"]}}],"collection":[{"href":"https:\/\/explorial.com\/es\/wp-json\/wp\/v2\/product"}],"about":[{"href":"https:\/\/explorial.com\/es\/wp-json\/wp\/v2\/types\/product"}],"replies":[{"embeddable":true,"href":"https:\/\/explorial.com\/es\/wp-json\/wp\/v2\/comments?post=46173"}],"acf:post":[{"embeddable":true,"href":"https:\/\/explorial.com\/es\/wp-json\/wp\/v2\/partner\/73013"}],"wp:featuredmedia":[{"embeddable":true,"href":"https:\/\/explorial.com\/es\/wp-json\/wp\/v2\/media\/46035"}],"wp:attachment":[{"href":"https:\/\/explorial.com\/es\/wp-json\/wp\/v2\/media?parent=46173"}],"wp:term":[{"taxonomy":"product_brand","embeddable":true,"href":"https:\/\/explorial.com\/es\/wp-json\/wp\/v2\/product_brand?post=46173"},{"taxonomy":"product_cat","embeddable":true,"href":"https:\/\/explorial.com\/es\/wp-json\/wp\/v2\/product_cat?post=46173"},{"taxonomy":"product_tag","embeddable":true,"href":"https:\/\/explorial.com\/es\/wp-json\/wp\/v2\/product_tag?post=46173"}],"curies":[{"name":"wp","href":"https:\/\/api.w.org\/{rel}","templated":true}]}}