{"id":43584,"date":"2022-04-08T08:02:49","date_gmt":"2022-04-08T08:02:49","guid":{"rendered":"https:\/\/explorial.com\/trails\/visita-de-la-ciudad-lausana-1\/"},"modified":"2024-09-16T09:12:16","modified_gmt":"2024-09-16T09:12:16","slug":"visita-de-la-ciudad-lausana-1","status":"publish","type":"product","link":"https:\/\/explorial.com\/es\/trails\/visita-de-la-ciudad-lausana-1\/","title":{"rendered":"Lausana (Centre ville)"},"content":{"rendered":"","protected":false},"excerpt":{"rendered":"","protected":false},"featured_media":43446,"comment_status":"open","ping_status":"closed","template":"","meta":{"_acf_changed":false},"product_brand":[],"product_cat":[821,876],"product_tag":[881],"class_list":{"0":"post-43584","1":"product","2":"type-product","3":"status-publish","4":"has-post-thumbnail","6":"product_cat-switzerland-es","7":"product_cat-lake-geneva-region-es","8":"product_tag-lausanne-es","10":"first","11":"instock","12":"sale","13":"taxable","14":"shipping-taxable","15":"purchasable","16":"product-type-variable"},"acf":{"city_name":"Lausana","city_name_display":"Lausana (Centre ville)","languages":"Franc\u00e9s, Ingl\u00e9s, Alem\u00e1n","duration":"aprox. 1.5 - 2 horas","description_1":"","description_2":"","city_description":"","short_description":"","notes":"","header_image":158968,"highlight_locations":"Place de la cath\u00e9drale, La tour Bel Air, Esplanade de Montbenon","additional_wheelchair":"Lamentablemente, este recorrido es s\u00f3lo parcialmente apto para sillas de ruedas y coches de beb\u00e9s debido a los desniveles y escaleras. No obstante, el recorrido se puede realizar, pero algunos tramos pueden ser de dif\u00edcil acceso.","voucher_link":"","start_location_coordinates":"46.5245473, 6.6354096","start_location_name":"La plaza del castillo","start_location_address":"1005 Lausana","end_location_name":"Esplanade de Montbenon","partner_object":null},"_links":{"self":[{"href":"https:\/\/explorial.com\/es\/wp-json\/wp\/v2\/product\/43584","targetHints":{"allow":["GET"]}}],"collection":[{"href":"https:\/\/explorial.com\/es\/wp-json\/wp\/v2\/product"}],"about":[{"href":"https:\/\/explorial.com\/es\/wp-json\/wp\/v2\/types\/product"}],"replies":[{"embeddable":true,"href":"https:\/\/explorial.com\/es\/wp-json\/wp\/v2\/comments?post=43584"}],"wp:featuredmedia":[{"embeddable":true,"href":"https:\/\/explorial.com\/es\/wp-json\/wp\/v2\/media\/43446"}],"wp:attachment":[{"href":"https:\/\/explorial.com\/es\/wp-json\/wp\/v2\/media?parent=43584"}],"wp:term":[{"taxonomy":"product_brand","embeddable":true,"href":"https:\/\/explorial.com\/es\/wp-json\/wp\/v2\/product_brand?post=43584"},{"taxonomy":"product_cat","embeddable":true,"href":"https:\/\/explorial.com\/es\/wp-json\/wp\/v2\/product_cat?post=43584"},{"taxonomy":"product_tag","embeddable":true,"href":"https:\/\/explorial.com\/es\/wp-json\/wp\/v2\/product_tag?post=43584"}],"curies":[{"name":"wp","href":"https:\/\/api.w.org\/{rel}","templated":true}]}}