{"id":42859,"date":"2021-08-24T07:56:24","date_gmt":"2021-08-24T07:56:24","guid":{"rendered":"https:\/\/explorial.com\/product\/visita-de-la-ciudad-berna-1\/"},"modified":"2024-09-16T09:38:32","modified_gmt":"2024-09-16T09:38:32","slug":"visita-de-la-ciudad-berna-1","status":"publish","type":"product","link":"https:\/\/explorial.com\/es\/trails\/visita-de-la-ciudad-berna-1\/","title":{"rendered":"Berna"},"content":{"rendered":"","protected":false},"excerpt":{"rendered":"","protected":false},"featured_media":42721,"comment_status":"open","ping_status":"closed","template":"","meta":{"_acf_changed":false},"product_brand":[],"product_cat":[861,821],"product_tag":[855],"class_list":{"0":"post-42859","1":"product","2":"type-product","3":"status-publish","4":"has-post-thumbnail","6":"product_cat-swiss-plateau-es","7":"product_cat-switzerland-es","8":"product_tag-bern-pt","10":"first","11":"instock","12":"sale","13":"taxable","14":"shipping-taxable","15":"purchasable","16":"product-type-variable"},"acf":{"city_name":"Berna","city_name_display":"Berna","languages":"Ingl\u00e9s, Alem\u00e1n, Espa\u00f1ol, Italiano, Franc\u00e9s","duration":"aprox. 1.5 - 2 horas","description_1":"","description_2":"","city_description":"La capital suiza atrae con raz\u00f3n a miles de visitantes cada a\u00f1o. El Bundeshaus, la Zytglogge, el B\u00e4renpark... hay innumerables monumentos que ver y mucho de lo que disfrutar con el t\u00edpico y acogedor estilo de vida bern\u00e9s.","short_description":"","notes":"","header_image":86707,"highlight_locations":"Bundeshaus, Zytglogge, Rathaus","additional_wheelchair":"Lamentablemente, este recorrido es s\u00f3lo parcialmente apto para sillas de ruedas y coches de beb\u00e9s debido a los desniveles y escaleras. No obstante, el recorrido se puede realizar, pero algunos tramos pueden ser de dif\u00edcil acceso.","voucher_link":"","start_location_coordinates":"46.94818, 7.44376","start_location_name":"K\u00e4figturm","start_location_address":"3000 Berna","end_location_name":"B\u00e4renpark","partner_object":72646},"_links":{"self":[{"href":"https:\/\/explorial.com\/es\/wp-json\/wp\/v2\/product\/42859","targetHints":{"allow":["GET"]}}],"collection":[{"href":"https:\/\/explorial.com\/es\/wp-json\/wp\/v2\/product"}],"about":[{"href":"https:\/\/explorial.com\/es\/wp-json\/wp\/v2\/types\/product"}],"replies":[{"embeddable":true,"href":"https:\/\/explorial.com\/es\/wp-json\/wp\/v2\/comments?post=42859"}],"acf:post":[{"embeddable":true,"href":"https:\/\/explorial.com\/es\/wp-json\/wp\/v2\/partner\/72646"}],"wp:featuredmedia":[{"embeddable":true,"href":"https:\/\/explorial.com\/es\/wp-json\/wp\/v2\/media\/42721"}],"wp:attachment":[{"href":"https:\/\/explorial.com\/es\/wp-json\/wp\/v2\/media?parent=42859"}],"wp:term":[{"taxonomy":"product_brand","embeddable":true,"href":"https:\/\/explorial.com\/es\/wp-json\/wp\/v2\/product_brand?post=42859"},{"taxonomy":"product_cat","embeddable":true,"href":"https:\/\/explorial.com\/es\/wp-json\/wp\/v2\/product_cat?post=42859"},{"taxonomy":"product_tag","embeddable":true,"href":"https:\/\/explorial.com\/es\/wp-json\/wp\/v2\/product_tag?post=42859"}],"curies":[{"name":"wp","href":"https:\/\/api.w.org\/{rel}","templated":true}]}}