{"id":41765,"date":"2021-10-08T07:49:35","date_gmt":"2021-10-08T07:49:35","guid":{"rendered":"https:\/\/explorial.com\/product\/visita-de-la-ciudad-appenzell-1\/"},"modified":"2024-09-16T09:18:11","modified_gmt":"2024-09-16T09:18:11","slug":"visita-de-la-ciudad-appenzell-1","status":"publish","type":"product","link":"https:\/\/explorial.com\/es\/trails\/visita-de-la-ciudad-appenzell-1\/","title":{"rendered":"Appenzell"},"content":{"rendered":"","protected":false},"excerpt":{"rendered":"","protected":false},"featured_media":41627,"comment_status":"open","ping_status":"closed","template":"","meta":{"_acf_changed":false},"product_brand":[],"product_cat":[821,826],"product_tag":[815],"class_list":{"0":"post-41765","1":"product","2":"type-product","3":"status-publish","4":"has-post-thumbnail","6":"product_cat-switzerland-es","7":"product_cat-eastern-switzerland-es","8":"product_tag-appenzell-pt","10":"first","11":"instock","12":"sale","13":"taxable","14":"shipping-taxable","15":"purchasable","16":"product-type-variable"},"acf":{"city_name":"Appenzell","city_name_display":"Appenzell","languages":"Alem\u00e1n","duration":"aprox. 1.5 - 2 horas","description_1":"","description_2":"","city_description":"","short_description":"","notes":"","header_image":86700,"highlight_locations":"Landsgemeindeplatz, L\u00f6wendrogerie, Rathaus","additional_wheelchair":"Lamentablemente, este recorrido es s\u00f3lo parcialmente apto para sillas de ruedas y coches de beb\u00e9s debido a los desniveles y escaleras. No obstante, el recorrido se puede realizar, pero algunos tramos pueden ser de dif\u00edcil acceso.","voucher_link":"","start_location_coordinates":"47.32999, 9.40911","start_location_name":"Postplatz","start_location_address":"9050 Appenzell","end_location_name":"Schm\u00e4uslemarkt","partner_object":null},"_links":{"self":[{"href":"https:\/\/explorial.com\/es\/wp-json\/wp\/v2\/product\/41765","targetHints":{"allow":["GET"]}}],"collection":[{"href":"https:\/\/explorial.com\/es\/wp-json\/wp\/v2\/product"}],"about":[{"href":"https:\/\/explorial.com\/es\/wp-json\/wp\/v2\/types\/product"}],"replies":[{"embeddable":true,"href":"https:\/\/explorial.com\/es\/wp-json\/wp\/v2\/comments?post=41765"}],"wp:featuredmedia":[{"embeddable":true,"href":"https:\/\/explorial.com\/es\/wp-json\/wp\/v2\/media\/41627"}],"wp:attachment":[{"href":"https:\/\/explorial.com\/es\/wp-json\/wp\/v2\/media?parent=41765"}],"wp:term":[{"taxonomy":"product_brand","embeddable":true,"href":"https:\/\/explorial.com\/es\/wp-json\/wp\/v2\/product_brand?post=41765"},{"taxonomy":"product_cat","embeddable":true,"href":"https:\/\/explorial.com\/es\/wp-json\/wp\/v2\/product_cat?post=41765"},{"taxonomy":"product_tag","embeddable":true,"href":"https:\/\/explorial.com\/es\/wp-json\/wp\/v2\/product_tag?post=41765"}],"curies":[{"name":"wp","href":"https:\/\/api.w.org\/{rel}","templated":true}]}}