{"id":300499,"date":"2025-02-28T12:10:44","date_gmt":"2025-02-28T12:10:44","guid":{"rendered":"https:\/\/explorial.com\/trails\/visita-de-la-ciudad-berlin-1\/"},"modified":"2025-02-28T12:16:44","modified_gmt":"2025-02-28T12:16:44","slug":"visita-de-la-ciudad-berlin-1","status":"publish","type":"product","link":"https:\/\/explorial.com\/es\/trails\/visita-de-la-ciudad-berlin-1\/","title":{"rendered":"Berl\u00edn"},"content":{"rendered":"","protected":false},"excerpt":{"rendered":"","protected":false},"featured_media":300649,"comment_status":"open","ping_status":"closed","template":"","meta":{"_acf_changed":false},"product_brand":[],"product_cat":[554,1229],"product_tag":[3890],"class_list":{"0":"post-300499","1":"product","2":"type-product","3":"status-publish","4":"has-post-thumbnail","6":"product_cat-germany-es","7":"product_cat-brandenburg-es","8":"product_tag-berlin-es","10":"first","11":"instock","12":"sale","13":"taxable","14":"shipping-taxable","15":"purchasable","16":"product-type-variable"},"acf":{"city_name":"Berl\u00edn","city_name_display":"Berl\u00edn","languages":"Alem\u00e1n","duration":"aprox. 1.5 - 2 horas","description_1":"","description_2":"","city_description":"","short_description":"","notes":"","header_image":300643,"highlight_locations":"Humboldt-Forum \/ Stadtschloss, Alte Nationalgalerie, Hackesche H\u00f6fe","additional_wheelchair":"Lamentablemente, este recorrido es s\u00f3lo parcialmente apto para sillas de ruedas y coches de beb\u00e9s debido a los desniveles y escaleras. No obstante, el recorrido se puede realizar, pero algunos tramos pueden ser de dif\u00edcil acceso.","voucher_link":"","start_location_coordinates":"52.52428, 13.40257","start_location_name":"Haus Schwarzenberg","start_location_address":"Rosenthaler Str. 39, 10178 Berlin","end_location_name":"Bebelplatz","partner_object":null},"_links":{"self":[{"href":"https:\/\/explorial.com\/es\/wp-json\/wp\/v2\/product\/300499","targetHints":{"allow":["GET"]}}],"collection":[{"href":"https:\/\/explorial.com\/es\/wp-json\/wp\/v2\/product"}],"about":[{"href":"https:\/\/explorial.com\/es\/wp-json\/wp\/v2\/types\/product"}],"replies":[{"embeddable":true,"href":"https:\/\/explorial.com\/es\/wp-json\/wp\/v2\/comments?post=300499"}],"wp:featuredmedia":[{"embeddable":true,"href":"https:\/\/explorial.com\/es\/wp-json\/wp\/v2\/media\/300649"}],"wp:attachment":[{"href":"https:\/\/explorial.com\/es\/wp-json\/wp\/v2\/media?parent=300499"}],"wp:term":[{"taxonomy":"product_brand","embeddable":true,"href":"https:\/\/explorial.com\/es\/wp-json\/wp\/v2\/product_brand?post=300499"},{"taxonomy":"product_cat","embeddable":true,"href":"https:\/\/explorial.com\/es\/wp-json\/wp\/v2\/product_cat?post=300499"},{"taxonomy":"product_tag","embeddable":true,"href":"https:\/\/explorial.com\/es\/wp-json\/wp\/v2\/product_tag?post=300499"}],"curies":[{"name":"wp","href":"https:\/\/api.w.org\/{rel}","templated":true}]}}