{"id":298265,"date":"2025-01-27T15:57:28","date_gmt":"2025-01-27T15:57:28","guid":{"rendered":"https:\/\/explorial.com\/trails\/visita-de-la-ciudad-pamplona-1\/"},"modified":"2025-01-27T16:20:30","modified_gmt":"2025-01-27T16:20:30","slug":"visita-de-la-ciudad-pamplona-1","status":"publish","type":"product","link":"https:\/\/explorial.com\/es\/trails\/visita-de-la-ciudad-pamplona-1\/","title":{"rendered":"Pamplona"},"content":{"rendered":"","protected":false},"excerpt":{"rendered":"","protected":false},"featured_media":299259,"comment_status":"open","ping_status":"closed","template":"","meta":{"_acf_changed":false},"product_brand":[],"product_cat":[422,3857],"product_tag":[3851],"class_list":{"0":"post-298265","1":"product","2":"type-product","3":"status-publish","4":"has-post-thumbnail","6":"product_cat-spain-es","7":"product_cat-navarre-es","8":"product_tag-pamplona-es","10":"first","11":"instock","12":"sale","13":"taxable","14":"shipping-taxable","15":"purchasable","16":"product-type-variable"},"acf":{"city_name":"Pamplona","city_name_display":"Pamplona","languages":"Espa\u00f1ol, Ingl\u00e9s","duration":"aprox. 1.5 - 2 horas","description_1":"","description_2":"","city_description":"\u00a1Descubre Pamplona, una ciudad que te robar\u00e1 el coraz\u00f3n! Pasea por su encantador casco antiguo y d\u00e9jate seducir por la belleza de sus calles. No puedes perderte el Ayuntamiento, con su impresionante fachada barroca, ni la Plaza del Castillo, el coraz\u00f3n de la ciudad, siempre llena de vida. Pamplona es una joya que vale la pena explorar en cualquier momento del a\u00f1o, m\u00e1s all\u00e1 de San Ferm\u00edn. \u00a1Ven y vive la magia y la diversi\u00f3n!","short_description":"","notes":"","header_image":299253,"highlight_locations":"Ayuntamiento y Plaza Consistorial, Mirador del Caballo Blanco, Cuesta de Santo Domingo","additional_wheelchair":"Lamentablemente, este recorrido es s\u00f3lo parcialmente apto para sillas de ruedas y coches de beb\u00e9s debido a los desniveles y escaleras. No obstante, el recorrido se puede realizar, pero algunos tramos pueden ser de dif\u00edcil acceso.","voucher_link":"","start_location_coordinates":"42.81443, -1.6408","start_location_name":"Escultura \"Diez bicicletas\"","start_location_address":"Av. de Carlos III el Noble Etorbidea, 8, 31002 Pamplona, Navarra","end_location_name":"Ayuntamiento y Plaza Consistorial","partner_object":null},"_links":{"self":[{"href":"https:\/\/explorial.com\/es\/wp-json\/wp\/v2\/product\/298265","targetHints":{"allow":["GET"]}}],"collection":[{"href":"https:\/\/explorial.com\/es\/wp-json\/wp\/v2\/product"}],"about":[{"href":"https:\/\/explorial.com\/es\/wp-json\/wp\/v2\/types\/product"}],"replies":[{"embeddable":true,"href":"https:\/\/explorial.com\/es\/wp-json\/wp\/v2\/comments?post=298265"}],"wp:featuredmedia":[{"embeddable":true,"href":"https:\/\/explorial.com\/es\/wp-json\/wp\/v2\/media\/299259"}],"wp:attachment":[{"href":"https:\/\/explorial.com\/es\/wp-json\/wp\/v2\/media?parent=298265"}],"wp:term":[{"taxonomy":"product_brand","embeddable":true,"href":"https:\/\/explorial.com\/es\/wp-json\/wp\/v2\/product_brand?post=298265"},{"taxonomy":"product_cat","embeddable":true,"href":"https:\/\/explorial.com\/es\/wp-json\/wp\/v2\/product_cat?post=298265"},{"taxonomy":"product_tag","embeddable":true,"href":"https:\/\/explorial.com\/es\/wp-json\/wp\/v2\/product_tag?post=298265"}],"curies":[{"name":"wp","href":"https:\/\/api.w.org\/{rel}","templated":true}]}}