{"id":297815,"date":"2025-01-27T15:48:51","date_gmt":"2025-01-27T15:48:51","guid":{"rendered":"https:\/\/explorial.com\/trails\/visita-de-la-ciudad-logrono-1\/"},"modified":"2025-01-27T16:23:56","modified_gmt":"2025-01-27T16:23:56","slug":"visita-de-la-ciudad-logrono-1","status":"publish","type":"product","link":"https:\/\/explorial.com\/es\/trails\/visita-de-la-ciudad-logrono-1\/","title":{"rendered":"Logro\u00f1o"},"content":{"rendered":"","protected":false},"excerpt":{"rendered":"","protected":false},"featured_media":299411,"comment_status":"open","ping_status":"closed","template":"","meta":{"_acf_changed":false},"product_brand":[],"product_cat":[422,3845],"product_tag":[3839],"class_list":{"0":"post-297815","1":"product","2":"type-product","3":"status-publish","4":"has-post-thumbnail","6":"product_cat-spain-es","7":"product_cat-la-rioja-es","8":"product_tag-logrono-es","10":"first","11":"instock","12":"sale","13":"taxable","14":"shipping-taxable","15":"purchasable","16":"product-type-variable"},"acf":{"city_name":"Logro\u00f1o","city_name_display":"Logro\u00f1o","languages":"Espa\u00f1ol, Ingl\u00e9s","duration":"aprox. 1.5 - 2 horas","description_1":"","description_2":"","city_description":"El Casco Antiguo de Logro\u00f1o es el alma de la ciudad, con sus calles llenas de historia y encanto. Aqu\u00ed encontrar\u00e1s la famosa Calle Laurel, ideal para disfrutar de los mejores pintxos, y la majestuosa Catedral de Santa Mar\u00eda de la Redonda, un s\u00edmbolo de la ciudad. Adem\u00e1s, Logro\u00f1o es un punto clave del Camino de Santiago, donde cada rinc\u00f3n invita a descubrir la rica tradici\u00f3n vin\u00edcola y cultural de la regi\u00f3n.","short_description":"","notes":"","header_image":299405,"highlight_locations":"Iglesia de San Bartolom\u00e9, Concatedral de Logro\u00f1o, Murallas del Revell\u00edn","additional_wheelchair":"Lamentablemente, este recorrido es s\u00f3lo parcialmente apto para sillas de ruedas y coches de beb\u00e9s debido a los desniveles y escaleras. No obstante, el recorrido se puede realizar, pero algunos tramos pueden ser de dif\u00edcil acceso.","voucher_link":"","start_location_coordinates":"42.46462, -2.44486","start_location_name":"Concha del Espol\u00f3n","start_location_address":"Paseo del Espol\u00f3n, 26001 Logro\u00f1o, La Rioja","end_location_name":"Calle Mercaderes","partner_object":null},"_links":{"self":[{"href":"https:\/\/explorial.com\/es\/wp-json\/wp\/v2\/product\/297815","targetHints":{"allow":["GET"]}}],"collection":[{"href":"https:\/\/explorial.com\/es\/wp-json\/wp\/v2\/product"}],"about":[{"href":"https:\/\/explorial.com\/es\/wp-json\/wp\/v2\/types\/product"}],"replies":[{"embeddable":true,"href":"https:\/\/explorial.com\/es\/wp-json\/wp\/v2\/comments?post=297815"}],"wp:featuredmedia":[{"embeddable":true,"href":"https:\/\/explorial.com\/es\/wp-json\/wp\/v2\/media\/299411"}],"wp:attachment":[{"href":"https:\/\/explorial.com\/es\/wp-json\/wp\/v2\/media?parent=297815"}],"wp:term":[{"taxonomy":"product_brand","embeddable":true,"href":"https:\/\/explorial.com\/es\/wp-json\/wp\/v2\/product_brand?post=297815"},{"taxonomy":"product_cat","embeddable":true,"href":"https:\/\/explorial.com\/es\/wp-json\/wp\/v2\/product_cat?post=297815"},{"taxonomy":"product_tag","embeddable":true,"href":"https:\/\/explorial.com\/es\/wp-json\/wp\/v2\/product_tag?post=297815"}],"curies":[{"name":"wp","href":"https:\/\/api.w.org\/{rel}","templated":true}]}}