{"id":29428,"date":"2022-09-30T15:12:21","date_gmt":"2022-09-30T15:12:21","guid":{"rendered":"https:\/\/explorial.com\/trails\/visita-de-la-ciudad-friburgo-en-breisgau-1\/"},"modified":"2024-09-16T11:20:03","modified_gmt":"2024-09-16T11:20:03","slug":"visita-de-la-ciudad-friburgo-en-breisgau-1","status":"publish","type":"product","link":"https:\/\/explorial.com\/es\/trails\/visita-de-la-ciudad-friburgo-en-breisgau-1\/","title":{"rendered":"Friburgo en Breisgau"},"content":{"rendered":"","protected":false},"excerpt":{"rendered":"","protected":false},"featured_media":29347,"comment_status":"open","ping_status":"closed","template":"","meta":{"_acf_changed":false},"product_brand":[],"product_cat":[554,574],"product_tag":[570],"class_list":{"0":"post-29428","1":"product","2":"type-product","3":"status-publish","4":"has-post-thumbnail","6":"product_cat-germany-es","7":"product_cat-baden-wurttemberg-es","8":"product_tag-freiburg-in-breisgau-es","10":"first","11":"instock","12":"sale","13":"taxable","14":"shipping-taxable","15":"purchasable","16":"product-type-variable"},"acf":{"city_name":"Friburgo en Breisgau","city_name_display":"Friburgo en Breisgau","languages":"Alem\u00e1n, Ingl\u00e9s","duration":"aprox. 1.5 - 2 horas","description_1":"","description_2":"","city_description":"","short_description":"","notes":"","header_image":241624,"highlight_locations":"M\u00fcnster, Neues Rathaus, Konviktstra\u00dfe","additional_wheelchair":"Lamentablemente, este recorrido es s\u00f3lo parcialmente apto para sillas de ruedas y coches de beb\u00e9s debido a los desniveles y escaleras. No obstante, el recorrido se puede realizar, pero algunos tramos pueden ser de dif\u00edcil acceso.","voucher_link":"","start_location_coordinates":"47.997407, 7.846677","start_location_name":"Colombischl\u00f6ssle","start_location_address":"Rotteckring 5, 79098 Friburgo de Brisgovia, Alemania","end_location_name":"Platz der alten Synagoge","partner_object":null},"_links":{"self":[{"href":"https:\/\/explorial.com\/es\/wp-json\/wp\/v2\/product\/29428","targetHints":{"allow":["GET"]}}],"collection":[{"href":"https:\/\/explorial.com\/es\/wp-json\/wp\/v2\/product"}],"about":[{"href":"https:\/\/explorial.com\/es\/wp-json\/wp\/v2\/types\/product"}],"replies":[{"embeddable":true,"href":"https:\/\/explorial.com\/es\/wp-json\/wp\/v2\/comments?post=29428"}],"wp:featuredmedia":[{"embeddable":true,"href":"https:\/\/explorial.com\/es\/wp-json\/wp\/v2\/media\/29347"}],"wp:attachment":[{"href":"https:\/\/explorial.com\/es\/wp-json\/wp\/v2\/media?parent=29428"}],"wp:term":[{"taxonomy":"product_brand","embeddable":true,"href":"https:\/\/explorial.com\/es\/wp-json\/wp\/v2\/product_brand?post=29428"},{"taxonomy":"product_cat","embeddable":true,"href":"https:\/\/explorial.com\/es\/wp-json\/wp\/v2\/product_cat?post=29428"},{"taxonomy":"product_tag","embeddable":true,"href":"https:\/\/explorial.com\/es\/wp-json\/wp\/v2\/product_tag?post=29428"}],"curies":[{"name":"wp","href":"https:\/\/api.w.org\/{rel}","templated":true}]}}