{"id":283891,"date":"2024-09-12T14:41:58","date_gmt":"2024-09-12T14:41:58","guid":{"rendered":"https:\/\/explorial.com\/trails\/visita-de-la-ciudad-klagenfurt-1\/"},"modified":"2024-09-12T14:42:29","modified_gmt":"2024-09-12T14:42:29","slug":"visita-de-la-ciudad-klagenfurt-1","status":"publish","type":"product","link":"https:\/\/explorial.com\/es\/trails\/visita-de-la-ciudad-klagenfurt-1\/","title":{"rendered":"Klagenfurt"},"content":{"rendered":"","protected":false},"excerpt":{"rendered":"","protected":false},"featured_media":283728,"comment_status":"open","ping_status":"closed","template":"","meta":{"_acf_changed":false},"product_brand":[],"product_cat":[2141,3559],"product_tag":[3665],"class_list":{"0":"post-283891","1":"product","2":"type-product","3":"status-publish","4":"has-post-thumbnail","6":"product_cat-austria-es","7":"product_cat-carinthia-es","8":"product_tag-klagenfurt-es","10":"first","11":"instock","12":"sale","13":"taxable","14":"shipping-taxable","15":"purchasable","16":"product-type-variable"},"acf":{"city_name":"Klagenfurt","city_name_display":"Klagenfurt","languages":"Alem\u00e1n, Ingl\u00e9s","duration":"aprox. 1.5 - 2 horas","description_1":"","description_2":"","city_description":"","short_description":"","notes":"","header_image":283722,"highlight_locations":"Stadttheater, Domplatz, Schillerpark","additional_wheelchair":"Lamentablemente, este recorrido es s\u00f3lo parcialmente apto para sillas de ruedas y coches de beb\u00e9s debido a los desniveles y escaleras. No obstante, el recorrido se puede realizar, pero algunos tramos pueden ser de dif\u00edcil acceso.","voucher_link":"","start_location_coordinates":"46.62066, 14.31165","start_location_name":"Arnulfplatz","start_location_address":"Bahnhofstra\u00dfe 39, 9020 Klagenfurt am W\u00f6rthersee, \u00d6sterreich","end_location_name":"Stadttheater","partner_object":null},"_links":{"self":[{"href":"https:\/\/explorial.com\/es\/wp-json\/wp\/v2\/product\/283891","targetHints":{"allow":["GET"]}}],"collection":[{"href":"https:\/\/explorial.com\/es\/wp-json\/wp\/v2\/product"}],"about":[{"href":"https:\/\/explorial.com\/es\/wp-json\/wp\/v2\/types\/product"}],"replies":[{"embeddable":true,"href":"https:\/\/explorial.com\/es\/wp-json\/wp\/v2\/comments?post=283891"}],"wp:featuredmedia":[{"embeddable":true,"href":"https:\/\/explorial.com\/es\/wp-json\/wp\/v2\/media\/283728"}],"wp:attachment":[{"href":"https:\/\/explorial.com\/es\/wp-json\/wp\/v2\/media?parent=283891"}],"wp:term":[{"taxonomy":"product_brand","embeddable":true,"href":"https:\/\/explorial.com\/es\/wp-json\/wp\/v2\/product_brand?post=283891"},{"taxonomy":"product_cat","embeddable":true,"href":"https:\/\/explorial.com\/es\/wp-json\/wp\/v2\/product_cat?post=283891"},{"taxonomy":"product_tag","embeddable":true,"href":"https:\/\/explorial.com\/es\/wp-json\/wp\/v2\/product_tag?post=283891"}],"curies":[{"name":"wp","href":"https:\/\/api.w.org\/{rel}","templated":true}]}}