{"id":281343,"date":"2024-09-03T12:56:43","date_gmt":"2024-09-03T12:56:43","guid":{"rendered":"https:\/\/explorial.com\/trails\/visita-de-la-ciudad-hamburgo-2\/"},"modified":"2024-09-16T12:35:54","modified_gmt":"2024-09-16T12:35:54","slug":"visita-de-la-ciudad-hamburgo-2","status":"publish","type":"product","link":"https:\/\/explorial.com\/es\/trails\/visita-de-la-ciudad-hamburgo-2\/","title":{"rendered":"Hamburgo (Speicherstadt)"},"content":{"rendered":"","protected":false},"excerpt":{"rendered":"","protected":false},"featured_media":281185,"comment_status":"open","ping_status":"closed","template":"","meta":{"_acf_changed":false},"product_brand":[],"product_cat":[554,1156],"product_tag":[1035],"class_list":{"0":"post-281343","1":"product","2":"type-product","3":"status-publish","4":"has-post-thumbnail","6":"product_cat-germany-es","7":"product_cat-hamburg-es","8":"product_tag-hamburg-es","10":"first","11":"instock","12":"sale","13":"taxable","14":"shipping-taxable","15":"purchasable","16":"product-type-variable"},"acf":{"city_name":"Hamburgo","city_name_display":"Hamburgo (Speicherstadt)","languages":"Alem\u00e1n","duration":"aprox. 1.5 - 2 horas","description_1":"","description_2":"","city_description":"","short_description":"","notes":"","header_image":281179,"highlight_locations":"Elbphilharmonie, Brooksbr\u00fccke, Traditionshafen am Sandtorkai","additional_wheelchair":"Lamentablemente, este recorrido es s\u00f3lo parcialmente apto para sillas de ruedas y coches de beb\u00e9s debido a los desniveles y escaleras. No obstante, el recorrido se puede realizar, pero algunos tramos pueden ser de dif\u00edcil acceso.","voucher_link":"","start_location_coordinates":"53.54298, 9.9999","start_location_name":"Statue Schiffsschraube","start_location_address":"Elbtorpromenade, 20457 Hamburg, Deutschland","end_location_name":"Elbphilharmonie","partner_object":null},"_links":{"self":[{"href":"https:\/\/explorial.com\/es\/wp-json\/wp\/v2\/product\/281343","targetHints":{"allow":["GET"]}}],"collection":[{"href":"https:\/\/explorial.com\/es\/wp-json\/wp\/v2\/product"}],"about":[{"href":"https:\/\/explorial.com\/es\/wp-json\/wp\/v2\/types\/product"}],"replies":[{"embeddable":true,"href":"https:\/\/explorial.com\/es\/wp-json\/wp\/v2\/comments?post=281343"}],"wp:featuredmedia":[{"embeddable":true,"href":"https:\/\/explorial.com\/es\/wp-json\/wp\/v2\/media\/281185"}],"wp:attachment":[{"href":"https:\/\/explorial.com\/es\/wp-json\/wp\/v2\/media?parent=281343"}],"wp:term":[{"taxonomy":"product_brand","embeddable":true,"href":"https:\/\/explorial.com\/es\/wp-json\/wp\/v2\/product_brand?post=281343"},{"taxonomy":"product_cat","embeddable":true,"href":"https:\/\/explorial.com\/es\/wp-json\/wp\/v2\/product_cat?post=281343"},{"taxonomy":"product_tag","embeddable":true,"href":"https:\/\/explorial.com\/es\/wp-json\/wp\/v2\/product_tag?post=281343"}],"curies":[{"name":"wp","href":"https:\/\/api.w.org\/{rel}","templated":true}]}}