{"id":27973,"date":"2022-04-18T13:42:30","date_gmt":"2022-04-18T13:42:30","guid":{"rendered":"https:\/\/explorial.com\/trails\/visita-de-la-ciudad-zaragoza-1\/"},"modified":"2024-09-17T07:25:12","modified_gmt":"2024-09-17T07:25:12","slug":"visita-de-la-ciudad-zaragoza-1","status":"publish","type":"product","link":"https:\/\/explorial.com\/es\/trails\/visita-de-la-ciudad-zaragoza-1\/","title":{"rendered":"Zaragoza"},"content":{"rendered":"","protected":false},"excerpt":{"rendered":"","protected":false},"featured_media":50248,"comment_status":"open","ping_status":"closed","template":"","meta":{"_acf_changed":false},"product_brand":[],"product_cat":[438,422],"product_tag":[540],"class_list":{"0":"post-27973","1":"product","2":"type-product","3":"status-publish","4":"has-post-thumbnail","6":"product_cat-aragon-es","7":"product_cat-spain-es","8":"product_tag-zaragoza-pt","10":"first","11":"instock","12":"sale","13":"taxable","14":"shipping-taxable","15":"purchasable","16":"product-type-variable"},"acf":{"city_name":"Zaragoza","city_name_display":"Zaragoza","languages":"Ingl\u00e9s, Espa\u00f1ol, Franc\u00e9s, Alem\u00e1n","duration":"aprox. 1.5 - 2 horas","description_1":"","description_2":"","city_description":"Zaragoza tiene m\u00e1s de 2.000 a\u00f1os de historia. Hogar de grandes monumentos, yacimientos arqueol\u00f3gicos, palacios y arquitectura mud\u00e9jar, la ciudad ha sido gobernada por los romanos, los moros y los reyes cristianos. En Zaragoza hay mucho m\u00e1s por descubrir adem\u00e1s de la Bas\u00edlica de la Virgen del Pilar.","short_description":"","notes":"","header_image":155239,"highlight_locations":"Bas\u00edlica del Pilar, Plaza del Justicia, Catedral del Salvador de Zaragoza","additional_wheelchair":"Lamentablemente, este recorrido es s\u00f3lo parcialmente apto para sillas de ruedas y coches de beb\u00e9s debido a los desniveles y escaleras. No obstante, el recorrido se puede realizar, pero algunos tramos pueden ser de dif\u00edcil acceso.","voucher_link":"","start_location_coordinates":"41.65411, -0.88116","start_location_name":"El Pastor del \u00c1guila","start_location_address":"Plaza de Sas Santiago, 50003, Espa\u00f1a","end_location_name":"Catedral del Salvador de Zaragoza","partner_object":null},"_links":{"self":[{"href":"https:\/\/explorial.com\/es\/wp-json\/wp\/v2\/product\/27973","targetHints":{"allow":["GET"]}}],"collection":[{"href":"https:\/\/explorial.com\/es\/wp-json\/wp\/v2\/product"}],"about":[{"href":"https:\/\/explorial.com\/es\/wp-json\/wp\/v2\/types\/product"}],"replies":[{"embeddable":true,"href":"https:\/\/explorial.com\/es\/wp-json\/wp\/v2\/comments?post=27973"}],"wp:featuredmedia":[{"embeddable":true,"href":"https:\/\/explorial.com\/es\/wp-json\/wp\/v2\/media\/50248"}],"wp:attachment":[{"href":"https:\/\/explorial.com\/es\/wp-json\/wp\/v2\/media?parent=27973"}],"wp:term":[{"taxonomy":"product_brand","embeddable":true,"href":"https:\/\/explorial.com\/es\/wp-json\/wp\/v2\/product_brand?post=27973"},{"taxonomy":"product_cat","embeddable":true,"href":"https:\/\/explorial.com\/es\/wp-json\/wp\/v2\/product_cat?post=27973"},{"taxonomy":"product_tag","embeddable":true,"href":"https:\/\/explorial.com\/es\/wp-json\/wp\/v2\/product_tag?post=27973"}],"curies":[{"name":"wp","href":"https:\/\/api.w.org\/{rel}","templated":true}]}}