{"id":27769,"date":"2022-10-10T13:41:01","date_gmt":"2022-10-10T13:41:01","guid":{"rendered":"https:\/\/explorial.com\/trails\/visita-de-la-ciudad-tarragona-1\/"},"modified":"2024-09-17T07:40:33","modified_gmt":"2024-09-17T07:40:33","slug":"visita-de-la-ciudad-tarragona-1","status":"publish","type":"product","link":"https:\/\/explorial.com\/es\/trails\/visita-de-la-ciudad-tarragona-1\/","title":{"rendered":"Tarragona"},"content":{"rendered":"","protected":false},"excerpt":{"rendered":"","protected":false},"featured_media":35500,"comment_status":"open","ping_status":"closed","template":"","meta":{"_acf_changed":false},"product_brand":[],"product_cat":[424,422],"product_tag":[538],"class_list":{"0":"post-27769","1":"product","2":"type-product","3":"status-publish","4":"has-post-thumbnail","6":"product_cat-catalonia-es","7":"product_cat-spain-es","8":"product_tag-tarragona-pt","10":"first","11":"instock","12":"sale","13":"taxable","14":"shipping-taxable","15":"purchasable","16":"product-type-variable"},"acf":{"city_name":"Tarragona","city_name_display":"Tarragona","languages":"Espa\u00f1ol, Ingl\u00e9s, Franc\u00e9s, Alem\u00e1n","duration":"aprox. 1.5 - 2 horas","description_1":"","description_2":"","city_description":"Una joya escondida en el sur de Catalu\u00f1a, Tarragona te sorprender\u00e1. Descubre las tradiciones locales, los monumentos romanos llenos de historia y divi\u00e9rtete recorriendo las estrechas calles del casco antiguo. \u00bfQu\u00e9 m\u00e1s se puede desear?","short_description":"","notes":"","header_image":27656,"highlight_locations":"Pla\u00e7a dels Sedassos, Catedral de Tarragona, Balc\u00f3n del Mediterr\u00e1neo","additional_wheelchair":"Lamentablemente, este recorrido es s\u00f3lo parcialmente apto para sillas de ruedas y coches de beb\u00e9s debido a los desniveles y escaleras. No obstante, el recorrido se puede realizar, pero algunos tramos pueden ser de dif\u00edcil acceso.","voucher_link":"","start_location_coordinates":"41.11849, 1.25487","start_location_name":"Portal del Roser","start_location_address":"Via del Imperio Roma, 25, 43003, Espa\u00f1a","end_location_name":"Balc\u00f3n del Mediterr\u00e1neo","partner_object":null},"_links":{"self":[{"href":"https:\/\/explorial.com\/es\/wp-json\/wp\/v2\/product\/27769","targetHints":{"allow":["GET"]}}],"collection":[{"href":"https:\/\/explorial.com\/es\/wp-json\/wp\/v2\/product"}],"about":[{"href":"https:\/\/explorial.com\/es\/wp-json\/wp\/v2\/types\/product"}],"replies":[{"embeddable":true,"href":"https:\/\/explorial.com\/es\/wp-json\/wp\/v2\/comments?post=27769"}],"wp:featuredmedia":[{"embeddable":true,"href":"https:\/\/explorial.com\/es\/wp-json\/wp\/v2\/media\/35500"}],"wp:attachment":[{"href":"https:\/\/explorial.com\/es\/wp-json\/wp\/v2\/media?parent=27769"}],"wp:term":[{"taxonomy":"product_brand","embeddable":true,"href":"https:\/\/explorial.com\/es\/wp-json\/wp\/v2\/product_brand?post=27769"},{"taxonomy":"product_cat","embeddable":true,"href":"https:\/\/explorial.com\/es\/wp-json\/wp\/v2\/product_cat?post=27769"},{"taxonomy":"product_tag","embeddable":true,"href":"https:\/\/explorial.com\/es\/wp-json\/wp\/v2\/product_tag?post=27769"}],"curies":[{"name":"wp","href":"https:\/\/api.w.org\/{rel}","templated":true}]}}