{"id":27565,"date":"2022-10-10T13:39:32","date_gmt":"2022-10-10T13:39:32","guid":{"rendered":"https:\/\/explorial.com\/trails\/visita-de-la-ciudad-barcelona-2\/"},"modified":"2024-09-17T07:50:20","modified_gmt":"2024-09-17T07:50:20","slug":"visita-de-la-ciudad-barcelona-2","status":"publish","type":"product","link":"https:\/\/explorial.com\/es\/trails\/visita-de-la-ciudad-barcelona-2\/","title":{"rendered":"Barcelona (Barrio Modernista)"},"content":{"rendered":"","protected":false},"excerpt":{"rendered":"","protected":false},"featured_media":35092,"comment_status":"open","ping_status":"closed","template":"","meta":{"_acf_changed":false},"product_brand":[],"product_cat":[422,424],"product_tag":[420],"class_list":{"0":"post-27565","1":"product","2":"type-product","3":"status-publish","4":"has-post-thumbnail","6":"product_cat-spain-es","7":"product_cat-catalonia-es","8":"product_tag-barcelona-es","10":"first","11":"instock","12":"sale","13":"taxable","14":"shipping-taxable","15":"purchasable","16":"product-type-variable"},"acf":{"city_name":"Barcelona","city_name_display":"Barcelona (Barrio Modernista)","languages":"Ingl\u00e9s, Espa\u00f1ol, Franc\u00e9s, Alem\u00e1n","duration":"aprox. 1.5 - 2 horas","description_1":"","description_2":"","city_description":"Barcelona es una ciudad vanguardista cuya arquitectura es reconocida en todo el mundo. Desde las casas de Gaud\u00ed en el Passeig de Gr\u00e0cia, la casa modernista de Les Punxes y la inacabada Sagrada Familia, hay muchos lugares fascinantes que descubrir una vez en Barcelona.","short_description":"","notes":"","header_image":35072,"highlight_locations":"Casa Batll\u00f3, Casa Mil\u00e0, La Sagrada Familia","additional_wheelchair":"Lamentablemente, este recorrido es s\u00f3lo parcialmente apto para sillas de ruedas y coches de beb\u00e9s debido a los desniveles y escaleras. No obstante, el recorrido se puede realizar, pero algunos tramos pueden ser de dif\u00edcil acceso.","voucher_link":"","start_location_coordinates":"41.39121, 2.16572","start_location_name":"Casa Lle\u00f3 i Morera","start_location_address":"Pg. de Gr\u00e0cia, 35, 08007 Barcelona, Spain","end_location_name":"Fachada del Nacimiento","partner_object":null},"_links":{"self":[{"href":"https:\/\/explorial.com\/es\/wp-json\/wp\/v2\/product\/27565","targetHints":{"allow":["GET"]}}],"collection":[{"href":"https:\/\/explorial.com\/es\/wp-json\/wp\/v2\/product"}],"about":[{"href":"https:\/\/explorial.com\/es\/wp-json\/wp\/v2\/types\/product"}],"replies":[{"embeddable":true,"href":"https:\/\/explorial.com\/es\/wp-json\/wp\/v2\/comments?post=27565"}],"wp:featuredmedia":[{"embeddable":true,"href":"https:\/\/explorial.com\/es\/wp-json\/wp\/v2\/media\/35092"}],"wp:attachment":[{"href":"https:\/\/explorial.com\/es\/wp-json\/wp\/v2\/media?parent=27565"}],"wp:term":[{"taxonomy":"product_brand","embeddable":true,"href":"https:\/\/explorial.com\/es\/wp-json\/wp\/v2\/product_brand?post=27565"},{"taxonomy":"product_cat","embeddable":true,"href":"https:\/\/explorial.com\/es\/wp-json\/wp\/v2\/product_cat?post=27565"},{"taxonomy":"product_tag","embeddable":true,"href":"https:\/\/explorial.com\/es\/wp-json\/wp\/v2\/product_tag?post=27565"}],"curies":[{"name":"wp","href":"https:\/\/api.w.org\/{rel}","templated":true}]}}