{"id":273936,"date":"2024-07-23T16:58:06","date_gmt":"2024-07-23T16:58:06","guid":{"rendered":"https:\/\/explorial.com\/trails\/visita-de-la-ciudad-san-juan-de-luz-1\/"},"modified":"2024-09-17T09:22:35","modified_gmt":"2024-09-17T09:22:35","slug":"visita-de-la-ciudad-san-juan-de-luz-1","status":"publish","type":"product","link":"https:\/\/explorial.com\/es\/trails\/visita-de-la-ciudad-san-juan-de-luz-1\/","title":{"rendered":"San Juan de Luz"},"content":{"rendered":"","protected":false},"excerpt":{"rendered":"","protected":false},"featured_media":273779,"comment_status":"open","ping_status":"closed","template":"","meta":{"_acf_changed":false},"product_brand":[],"product_cat":[501,3595],"product_tag":[3613],"class_list":{"0":"post-273936","1":"product","2":"type-product","3":"status-publish","4":"has-post-thumbnail","6":"product_cat-france-es","7":"product_cat-nouvelle-aquitaine-es","8":"product_tag-saint-jean-de-luz-es","10":"first","11":"instock","12":"sale","13":"taxable","14":"shipping-taxable","15":"purchasable","16":"product-type-variable"},"acf":{"city_name":"San Juan de Luz","city_name_display":"San Juan de Luz","languages":"Ingl\u00e9s, Franc\u00e9s","duration":"aprox. 1.5 - 2 horas","description_1":"","description_2":"","city_description":"","short_description":"","notes":"","header_image":273773,"highlight_locations":"Maison Louis XIV, \u00c9glise Saint-Jean-Baptiste, Promenade Jacques Thibaud","additional_wheelchair":"Lamentablemente, este recorrido es s\u00f3lo parcialmente apto para sillas de ruedas y coches de beb\u00e9s debido a los desniveles y escaleras. No obstante, el recorrido se puede realizar, pero algunos tramos pueden ser de dif\u00edcil acceso.","voucher_link":"","start_location_coordinates":"43.38779, -1.66044","start_location_name":"Office de Tourisme","start_location_address":"Boulevard Victor Hugo, 20, 64500, France","end_location_name":"Les Quartier des Bains","partner_object":null},"_links":{"self":[{"href":"https:\/\/explorial.com\/es\/wp-json\/wp\/v2\/product\/273936","targetHints":{"allow":["GET"]}}],"collection":[{"href":"https:\/\/explorial.com\/es\/wp-json\/wp\/v2\/product"}],"about":[{"href":"https:\/\/explorial.com\/es\/wp-json\/wp\/v2\/types\/product"}],"replies":[{"embeddable":true,"href":"https:\/\/explorial.com\/es\/wp-json\/wp\/v2\/comments?post=273936"}],"wp:featuredmedia":[{"embeddable":true,"href":"https:\/\/explorial.com\/es\/wp-json\/wp\/v2\/media\/273779"}],"wp:attachment":[{"href":"https:\/\/explorial.com\/es\/wp-json\/wp\/v2\/media?parent=273936"}],"wp:term":[{"taxonomy":"product_brand","embeddable":true,"href":"https:\/\/explorial.com\/es\/wp-json\/wp\/v2\/product_brand?post=273936"},{"taxonomy":"product_cat","embeddable":true,"href":"https:\/\/explorial.com\/es\/wp-json\/wp\/v2\/product_cat?post=273936"},{"taxonomy":"product_tag","embeddable":true,"href":"https:\/\/explorial.com\/es\/wp-json\/wp\/v2\/product_tag?post=273936"}],"curies":[{"name":"wp","href":"https:\/\/api.w.org\/{rel}","templated":true}]}}