{"id":27157,"date":"2022-04-15T13:36:42","date_gmt":"2022-04-15T13:36:42","guid":{"rendered":"https:\/\/explorial.com\/trails\/visita-de-la-ciudad-valencia-1\/"},"modified":"2024-09-17T07:55:59","modified_gmt":"2024-09-17T07:55:59","slug":"visita-de-la-ciudad-valencia-1","status":"publish","type":"product","link":"https:\/\/explorial.com\/es\/trails\/visita-de-la-ciudad-valencia-1\/","title":{"rendered":"Valencia (Centro Hist\u00f3rico)"},"content":{"rendered":"","protected":false},"excerpt":{"rendered":"","protected":false},"featured_media":35608,"comment_status":"open","ping_status":"closed","template":"","meta":{"_acf_changed":false},"product_brand":[],"product_cat":[422,442],"product_tag":[440],"class_list":{"0":"post-27157","1":"product","2":"type-product","3":"status-publish","4":"has-post-thumbnail","6":"product_cat-spain-es","7":"product_cat-valencia-es","8":"product_tag-valencia-es","10":"first","11":"instock","12":"sale","13":"taxable","14":"shipping-taxable","15":"purchasable","16":"product-type-variable"},"acf":{"city_name":"Valencia","city_name_display":"Valencia (Centro Hist\u00f3rico)","languages":"Ingl\u00e9s, Espa\u00f1ol, Franc\u00e9s, Alem\u00e1n","duration":"aprox. 1.5 - 2 horas","description_1":"","description_2":"","city_description":"Con m\u00e1s de 300 d\u00edas de sol al a\u00f1o, Valencia tiene mucho que ofrecer: un casco antiguo laber\u00edntico, joyas ocultas, arte callejero, tradiciones culturales \u00fanicas, plazas vibrantes y un gran pulm\u00f3n verde. \u00a1Hay mucho que descubrir en Valencia!","short_description":"","notes":"","header_image":27044,"highlight_locations":"La Catedral de Valencia, Torres de Serranos, Plaza de la Almoina","additional_wheelchair":"Lamentablemente, este recorrido es s\u00f3lo parcialmente apto para sillas de ruedas y coches de beb\u00e9s debido a los desniveles y escaleras. No obstante, el recorrido se puede realizar, pero algunos tramos pueden ser de dif\u00edcil acceso.","voucher_link":"","start_location_coordinates":"39.4759, -0.37439","start_location_name":"Casa Punt de Gantxo 1906","start_location_address":"Pl. de l'Almoina, 4, 46003 Espa\u00f1a","end_location_name":"El barrio del Carmen","partner_object":null},"_links":{"self":[{"href":"https:\/\/explorial.com\/es\/wp-json\/wp\/v2\/product\/27157","targetHints":{"allow":["GET"]}}],"collection":[{"href":"https:\/\/explorial.com\/es\/wp-json\/wp\/v2\/product"}],"about":[{"href":"https:\/\/explorial.com\/es\/wp-json\/wp\/v2\/types\/product"}],"replies":[{"embeddable":true,"href":"https:\/\/explorial.com\/es\/wp-json\/wp\/v2\/comments?post=27157"}],"wp:featuredmedia":[{"embeddable":true,"href":"https:\/\/explorial.com\/es\/wp-json\/wp\/v2\/media\/35608"}],"wp:attachment":[{"href":"https:\/\/explorial.com\/es\/wp-json\/wp\/v2\/media?parent=27157"}],"wp:term":[{"taxonomy":"product_brand","embeddable":true,"href":"https:\/\/explorial.com\/es\/wp-json\/wp\/v2\/product_brand?post=27157"},{"taxonomy":"product_cat","embeddable":true,"href":"https:\/\/explorial.com\/es\/wp-json\/wp\/v2\/product_cat?post=27157"},{"taxonomy":"product_tag","embeddable":true,"href":"https:\/\/explorial.com\/es\/wp-json\/wp\/v2\/product_tag?post=27157"}],"curies":[{"name":"wp","href":"https:\/\/api.w.org\/{rel}","templated":true}]}}