{"id":267808,"date":"2024-07-09T10:00:18","date_gmt":"2024-07-09T10:00:18","guid":{"rendered":"https:\/\/explorial.com\/trails\/visita-de-la-ciudad-bilbao-2\/"},"modified":"2024-09-17T08:06:17","modified_gmt":"2024-09-17T08:06:17","slug":"visita-de-la-ciudad-bilbao-2","status":"publish","type":"product","link":"https:\/\/explorial.com\/es\/trails\/visita-de-la-ciudad-bilbao-2\/","title":{"rendered":"Bilbao (Monumental)"},"content":{"rendered":"","protected":false},"excerpt":{"rendered":"","protected":false},"featured_media":268925,"comment_status":"open","ping_status":"closed","template":"","meta":{"_acf_changed":false},"product_brand":[],"product_cat":[422,3497],"product_tag":[3491],"class_list":{"0":"post-267808","1":"product","2":"type-product","3":"status-publish","4":"has-post-thumbnail","6":"product_cat-spain-es","7":"product_cat-basque-country-es","8":"product_tag-bilbao-es","10":"first","11":"instock","12":"sale","13":"taxable","14":"shipping-taxable","15":"purchasable","16":"product-type-variable"},"acf":{"city_name":"Bilbao","city_name_display":"Bilbao (Monumental)","languages":"Espa\u00f1ol, Ingl\u00e9s","duration":"aprox. 1.5 - 2 horas","description_1":"","description_2":"","city_description":"\u00a1Explora el Bilbao moderno y monumental! Desde el majestuoso Palacio Foral hasta la bella Plaza El\u00edptica, cada rinc\u00f3n destaca por su modernidad y encanto. Rel\u00e1jate en el encantador Parque Do\u00f1a Casilda y d\u00e9jate maravillar por las impresionantes esculturas exteriores del Museo Guggenheim, como el ic\u00f3nico perro floral y la imponente ara\u00f1a. Sum\u00e9rgete en el Bilbao m\u00e1s monumental y marav\u00edllate por su innovaci\u00f3n y creatividad.","short_description":"","notes":"","header_image":268919,"highlight_locations":"Museo Guggenheim, Parque Casilda Iturrizar, Palacio Foral","additional_wheelchair":"Lamentablemente, este recorrido es s\u00f3lo parcialmente apto para sillas de ruedas y coches de beb\u00e9s debido a los desniveles y escaleras. No obstante, el recorrido se puede realizar, pero algunos tramos pueden ser de dif\u00edcil acceso.","voucher_link":"","start_location_coordinates":"43.26014, -2.9261","start_location_name":"Estaci\u00f3n de la Concordia","start_location_address":"Calle de Bail\u00e9n, 2, Abando, 48005, Vizcaya, Espa\u00f1a","end_location_name":"Museo Guggenheim","partner_object":null},"_links":{"self":[{"href":"https:\/\/explorial.com\/es\/wp-json\/wp\/v2\/product\/267808","targetHints":{"allow":["GET"]}}],"collection":[{"href":"https:\/\/explorial.com\/es\/wp-json\/wp\/v2\/product"}],"about":[{"href":"https:\/\/explorial.com\/es\/wp-json\/wp\/v2\/types\/product"}],"replies":[{"embeddable":true,"href":"https:\/\/explorial.com\/es\/wp-json\/wp\/v2\/comments?post=267808"}],"wp:featuredmedia":[{"embeddable":true,"href":"https:\/\/explorial.com\/es\/wp-json\/wp\/v2\/media\/268925"}],"wp:attachment":[{"href":"https:\/\/explorial.com\/es\/wp-json\/wp\/v2\/media?parent=267808"}],"wp:term":[{"taxonomy":"product_brand","embeddable":true,"href":"https:\/\/explorial.com\/es\/wp-json\/wp\/v2\/product_brand?post=267808"},{"taxonomy":"product_cat","embeddable":true,"href":"https:\/\/explorial.com\/es\/wp-json\/wp\/v2\/product_cat?post=267808"},{"taxonomy":"product_tag","embeddable":true,"href":"https:\/\/explorial.com\/es\/wp-json\/wp\/v2\/product_tag?post=267808"}],"curies":[{"name":"wp","href":"https:\/\/api.w.org\/{rel}","templated":true}]}}