{"id":26749,"date":"2022-04-21T13:31:53","date_gmt":"2022-04-21T13:31:53","guid":{"rendered":"https:\/\/explorial.com\/trails\/visita-de-la-ciudad-aix-en-provence-1\/"},"modified":"2024-09-17T08:57:06","modified_gmt":"2024-09-17T08:57:06","slug":"visita-de-la-ciudad-aix-en-provence-1","status":"publish","type":"product","link":"https:\/\/explorial.com\/es\/trails\/visita-de-la-ciudad-aix-en-provence-1\/","title":{"rendered":"Aix-en-Provence"},"content":{"rendered":"","protected":false},"excerpt":{"rendered":"","protected":false},"featured_media":36272,"comment_status":"open","ping_status":"closed","template":"","meta":{"_acf_changed":false},"product_brand":[],"product_cat":[501,516],"product_tag":[528],"class_list":{"0":"post-26749","1":"product","2":"type-product","3":"status-publish","4":"has-post-thumbnail","6":"product_cat-france-es","7":"product_cat-provence-alpes-cote-dazur-es","8":"product_tag-aix-en-provence-es","10":"first","11":"instock","12":"sale","13":"taxable","14":"shipping-taxable","15":"purchasable","16":"product-type-variable"},"acf":{"city_name":"Aix-en-Provence","city_name_display":"Aix-en-Provence","languages":"Franc\u00e9s, Ingl\u00e9s, Italiano, Alem\u00e1n","duration":"aprox. 1.5 - 2 horas","description_1":"","description_2":"","city_description":"","short_description":"","notes":"","header_image":26636,"highlight_locations":"Place des Pr\u00eacheurs, Place d'Albertas, Cath\u00e9drale Saint-Sauveur","additional_wheelchair":"Lamentablemente, este recorrido es s\u00f3lo parcialmente apto para sillas de ruedas y coches de beb\u00e9s debido a los desniveles y escaleras. No obstante, el recorrido se puede realizar, pero algunos tramos pueden ser de dif\u00edcil acceso.","voucher_link":"","start_location_coordinates":"43.53205, 5.45078","start_location_name":"Calle Mignet","start_location_address":"44 bis rue Mignet","end_location_name":"Cath\u00e9drale Saint-Sauveur","partner_object":null},"_links":{"self":[{"href":"https:\/\/explorial.com\/es\/wp-json\/wp\/v2\/product\/26749","targetHints":{"allow":["GET"]}}],"collection":[{"href":"https:\/\/explorial.com\/es\/wp-json\/wp\/v2\/product"}],"about":[{"href":"https:\/\/explorial.com\/es\/wp-json\/wp\/v2\/types\/product"}],"replies":[{"embeddable":true,"href":"https:\/\/explorial.com\/es\/wp-json\/wp\/v2\/comments?post=26749"}],"wp:featuredmedia":[{"embeddable":true,"href":"https:\/\/explorial.com\/es\/wp-json\/wp\/v2\/media\/36272"}],"wp:attachment":[{"href":"https:\/\/explorial.com\/es\/wp-json\/wp\/v2\/media?parent=26749"}],"wp:term":[{"taxonomy":"product_brand","embeddable":true,"href":"https:\/\/explorial.com\/es\/wp-json\/wp\/v2\/product_brand?post=26749"},{"taxonomy":"product_cat","embeddable":true,"href":"https:\/\/explorial.com\/es\/wp-json\/wp\/v2\/product_cat?post=26749"},{"taxonomy":"product_tag","embeddable":true,"href":"https:\/\/explorial.com\/es\/wp-json\/wp\/v2\/product_tag?post=26749"}],"curies":[{"name":"wp","href":"https:\/\/api.w.org\/{rel}","templated":true}]}}