{"id":26365,"date":"2022-04-01T13:29:06","date_gmt":"2022-04-01T13:29:06","guid":{"rendered":"https:\/\/explorial.com\/trails\/visita-de-la-ciudad-colmar-1\/"},"modified":"2024-09-17T08:59:52","modified_gmt":"2024-09-17T08:59:52","slug":"visita-de-la-ciudad-colmar-1","status":"publish","type":"product","link":"https:\/\/explorial.com\/es\/trails\/visita-de-la-ciudad-colmar-1\/","title":{"rendered":"Colmar"},"content":{"rendered":"","protected":false},"excerpt":{"rendered":"","protected":false},"featured_media":36404,"comment_status":"open","ping_status":"closed","template":"","meta":{"_acf_changed":false},"product_brand":[],"product_cat":[501,522],"product_tag":[519],"class_list":{"0":"post-26365","1":"product","2":"type-product","3":"status-publish","4":"has-post-thumbnail","6":"product_cat-france-es","7":"product_cat-grand-est-es","8":"product_tag-colmar-es","10":"first","11":"instock","12":"sale","13":"taxable","14":"shipping-taxable","15":"purchasable","16":"product-type-variable"},"acf":{"city_name":"Colmar","city_name_display":"Colmar","languages":"Franc\u00e9s, Ingl\u00e9s, Italiano, Alem\u00e1n","duration":"aprox. 1.5 - 2 horas","description_1":"","description_2":"","city_description":"","short_description":"","notes":"","header_image":36372,"highlight_locations":"Place Rapp, La Petite Venise, Place de l\u2019Ancienne Douane","additional_wheelchair":"Lamentablemente, este recorrido es s\u00f3lo parcialmente apto para sillas de ruedas y coches de beb\u00e9s debido a los desniveles y escaleras. No obstante, el recorrido se puede realizar, pero algunos tramos pueden ser de dif\u00edcil acceso.","voucher_link":"","start_location_coordinates":"48.07567, 7.35283","start_location_name":"Parque de los Campos de Marte","start_location_address":"Av. de la R\u00e9publique, 68000 Colmar","end_location_name":"La Petite Venise","partner_object":null},"_links":{"self":[{"href":"https:\/\/explorial.com\/es\/wp-json\/wp\/v2\/product\/26365","targetHints":{"allow":["GET"]}}],"collection":[{"href":"https:\/\/explorial.com\/es\/wp-json\/wp\/v2\/product"}],"about":[{"href":"https:\/\/explorial.com\/es\/wp-json\/wp\/v2\/types\/product"}],"replies":[{"embeddable":true,"href":"https:\/\/explorial.com\/es\/wp-json\/wp\/v2\/comments?post=26365"}],"wp:featuredmedia":[{"embeddable":true,"href":"https:\/\/explorial.com\/es\/wp-json\/wp\/v2\/media\/36404"}],"wp:attachment":[{"href":"https:\/\/explorial.com\/es\/wp-json\/wp\/v2\/media?parent=26365"}],"wp:term":[{"taxonomy":"product_brand","embeddable":true,"href":"https:\/\/explorial.com\/es\/wp-json\/wp\/v2\/product_brand?post=26365"},{"taxonomy":"product_cat","embeddable":true,"href":"https:\/\/explorial.com\/es\/wp-json\/wp\/v2\/product_cat?post=26365"},{"taxonomy":"product_tag","embeddable":true,"href":"https:\/\/explorial.com\/es\/wp-json\/wp\/v2\/product_tag?post=26365"}],"curies":[{"name":"wp","href":"https:\/\/api.w.org\/{rel}","templated":true}]}}