{"id":261630,"date":"2024-06-13T11:07:08","date_gmt":"2024-06-13T11:07:08","guid":{"rendered":"https:\/\/explorial.com\/trails\/visita-de-la-ciudad-luneburgo-1\/"},"modified":"2024-09-16T12:16:20","modified_gmt":"2024-09-16T12:16:20","slug":"visita-de-la-ciudad-luneburgo-1","status":"publish","type":"product","link":"https:\/\/explorial.com\/es\/trails\/visita-de-la-ciudad-luneburgo-1\/","title":{"rendered":"Luneburgo"},"content":{"rendered":"","protected":false},"excerpt":{"rendered":"","protected":false},"featured_media":261472,"comment_status":"open","ping_status":"closed","template":"","meta":{"_acf_changed":false},"product_brand":[],"product_cat":[554,1060],"product_tag":[3410],"class_list":{"0":"post-261630","1":"product","2":"type-product","3":"status-publish","4":"has-post-thumbnail","6":"product_cat-germany-es","7":"product_cat-lower-saxony-es","8":"product_tag-luneburg-es","10":"first","11":"instock","12":"sale","13":"taxable","14":"shipping-taxable","15":"purchasable","16":"product-type-variable"},"acf":{"city_name":"Luneburgo","city_name_display":"Luneburgo","languages":"Alem\u00e1n","duration":"aprox. 1.5 - 2 horas","description_1":"","description_2":"","city_description":"","short_description":"","notes":"","header_image":261466,"highlight_locations":"Brausebr\u00fccke, Rathaus, Gasse \u201cAuf dem Meere\u201d","additional_wheelchair":"Lamentablemente, este recorrido es s\u00f3lo parcialmente apto para sillas de ruedas y coches de beb\u00e9s debido a los desniveles y escaleras. No obstante, el recorrido se puede realizar, pero algunos tramos pueden ser de dif\u00edcil acceso.","voucher_link":"","start_location_coordinates":"53.25063, 10.40591","start_location_name":"Ratsb\u00fccherei","start_location_address":"Am Marienplatz 3, 21335 L\u00fcneburg, Deutschland","end_location_name":"Stintmarkt","partner_object":null},"_links":{"self":[{"href":"https:\/\/explorial.com\/es\/wp-json\/wp\/v2\/product\/261630","targetHints":{"allow":["GET"]}}],"collection":[{"href":"https:\/\/explorial.com\/es\/wp-json\/wp\/v2\/product"}],"about":[{"href":"https:\/\/explorial.com\/es\/wp-json\/wp\/v2\/types\/product"}],"replies":[{"embeddable":true,"href":"https:\/\/explorial.com\/es\/wp-json\/wp\/v2\/comments?post=261630"}],"wp:featuredmedia":[{"embeddable":true,"href":"https:\/\/explorial.com\/es\/wp-json\/wp\/v2\/media\/261472"}],"wp:attachment":[{"href":"https:\/\/explorial.com\/es\/wp-json\/wp\/v2\/media?parent=261630"}],"wp:term":[{"taxonomy":"product_brand","embeddable":true,"href":"https:\/\/explorial.com\/es\/wp-json\/wp\/v2\/product_brand?post=261630"},{"taxonomy":"product_cat","embeddable":true,"href":"https:\/\/explorial.com\/es\/wp-json\/wp\/v2\/product_cat?post=261630"},{"taxonomy":"product_tag","embeddable":true,"href":"https:\/\/explorial.com\/es\/wp-json\/wp\/v2\/product_tag?post=261630"}],"curies":[{"name":"wp","href":"https:\/\/api.w.org\/{rel}","templated":true}]}}