{"id":260445,"date":"2024-06-05T16:48:24","date_gmt":"2024-06-05T16:48:24","guid":{"rendered":"https:\/\/explorial.com\/trails\/visita-de-la-ciudad-reims-1\/"},"modified":"2024-09-17T09:09:53","modified_gmt":"2024-09-17T09:09:53","slug":"visita-de-la-ciudad-reims-1","status":"publish","type":"product","link":"https:\/\/explorial.com\/es\/trails\/visita-de-la-ciudad-reims-1\/","title":{"rendered":"Reims"},"content":{"rendered":"","protected":false},"excerpt":{"rendered":"","protected":false},"featured_media":260299,"comment_status":"open","ping_status":"closed","template":"","meta":{"_acf_changed":false},"product_brand":[],"product_cat":[501,522],"product_tag":[3392],"class_list":{"0":"post-260445","1":"product","2":"type-product","3":"status-publish","4":"has-post-thumbnail","6":"product_cat-france-es","7":"product_cat-grand-est-es","8":"product_tag-reims-es","10":"first","11":"instock","12":"sale","13":"taxable","14":"shipping-taxable","15":"purchasable","16":"product-type-variable"},"acf":{"city_name":"Reims","city_name_display":"Reims","languages":"Ingl\u00e9s, Franc\u00e9s","duration":"aprox. 1.5 - 2 horas","description_1":"","description_2":"","city_description":"","short_description":"","notes":"","header_image":260293,"highlight_locations":"Cath\u00e9drale Notre-Dame de Reims, Le Cellier, Palais du Tau","additional_wheelchair":"Lamentablemente, este recorrido es s\u00f3lo parcialmente apto para sillas de ruedas y coches de beb\u00e9s debido a los desniveles y escaleras. No obstante, el recorrido se puede realizar, pero algunos tramos pueden ser de dif\u00edcil acceso.","voucher_link":"","start_location_coordinates":"49.26182, 4.03042","start_location_name":"Monument aux morts de Reims","start_location_address":"2 Pl. de la R\u00e9publique, 51100 Reims, France","end_location_name":"Statue de Jeanne d\u2019Arc","partner_object":null},"_links":{"self":[{"href":"https:\/\/explorial.com\/es\/wp-json\/wp\/v2\/product\/260445","targetHints":{"allow":["GET"]}}],"collection":[{"href":"https:\/\/explorial.com\/es\/wp-json\/wp\/v2\/product"}],"about":[{"href":"https:\/\/explorial.com\/es\/wp-json\/wp\/v2\/types\/product"}],"replies":[{"embeddable":true,"href":"https:\/\/explorial.com\/es\/wp-json\/wp\/v2\/comments?post=260445"}],"wp:featuredmedia":[{"embeddable":true,"href":"https:\/\/explorial.com\/es\/wp-json\/wp\/v2\/media\/260299"}],"wp:attachment":[{"href":"https:\/\/explorial.com\/es\/wp-json\/wp\/v2\/media?parent=260445"}],"wp:term":[{"taxonomy":"product_brand","embeddable":true,"href":"https:\/\/explorial.com\/es\/wp-json\/wp\/v2\/product_brand?post=260445"},{"taxonomy":"product_cat","embeddable":true,"href":"https:\/\/explorial.com\/es\/wp-json\/wp\/v2\/product_cat?post=260445"},{"taxonomy":"product_tag","embeddable":true,"href":"https:\/\/explorial.com\/es\/wp-json\/wp\/v2\/product_tag?post=260445"}],"curies":[{"name":"wp","href":"https:\/\/api.w.org\/{rel}","templated":true}]}}