{"id":253809,"date":"2024-06-05T09:04:23","date_gmt":"2024-06-05T09:04:23","guid":{"rendered":"https:\/\/explorial.com\/trails\/visita-de-la-ciudad-lisboa-3\/"},"modified":"2024-09-17T14:07:45","modified_gmt":"2024-09-17T14:07:45","slug":"visita-de-la-ciudad-lisboa-3","status":"publish","type":"product","link":"https:\/\/explorial.com\/es\/trails\/visita-de-la-ciudad-lisboa-3\/","title":{"rendered":"Lisboa (Alfama)"},"content":{"rendered":"","protected":false},"excerpt":{"rendered":"","protected":false},"featured_media":253648,"comment_status":"open","ping_status":"closed","template":"","meta":{"_acf_changed":false},"product_brand":[],"product_cat":[478,480],"product_tag":[476],"class_list":{"0":"post-253809","1":"product","2":"type-product","3":"status-publish","4":"has-post-thumbnail","6":"product_cat-portugal-es","7":"product_cat-lisbon-region-es","8":"product_tag-lisbon-es","10":"first","11":"instock","12":"sale","13":"taxable","14":"shipping-taxable","15":"purchasable","16":"product-type-variable"},"acf":{"city_name":"Lisboa","city_name_display":"Lisboa (Alfama)","languages":"Portugu\u00e9s, Ingl\u00e9s","duration":"aprox. 1.5 - 2 horas","description_1":"","description_2":"","city_description":"","short_description":"","notes":"","header_image":253642,"highlight_locations":"Pante\u00e3o Nacional, Largo do Chafariz de Dentro, S\u00e9 de Lisboa","additional_wheelchair":"Lamentablemente, este recorrido es s\u00f3lo parcialmente apto para sillas de ruedas y coches de beb\u00e9s debido a los desniveles y escaleras. No obstante, el recorrido se puede realizar, pero algunos tramos pueden ser de dif\u00edcil acceso.","voucher_link":"","start_location_coordinates":"38.71589, -9.12522","start_location_name":"Campo de Santa Clara","start_location_address":"Campo de Santa Clara 136, 1100-474 Lisboa, Portugal","end_location_name":" Igreja de Santa Luzia","partner_object":null},"_links":{"self":[{"href":"https:\/\/explorial.com\/es\/wp-json\/wp\/v2\/product\/253809","targetHints":{"allow":["GET"]}}],"collection":[{"href":"https:\/\/explorial.com\/es\/wp-json\/wp\/v2\/product"}],"about":[{"href":"https:\/\/explorial.com\/es\/wp-json\/wp\/v2\/types\/product"}],"replies":[{"embeddable":true,"href":"https:\/\/explorial.com\/es\/wp-json\/wp\/v2\/comments?post=253809"}],"wp:featuredmedia":[{"embeddable":true,"href":"https:\/\/explorial.com\/es\/wp-json\/wp\/v2\/media\/253648"}],"wp:attachment":[{"href":"https:\/\/explorial.com\/es\/wp-json\/wp\/v2\/media?parent=253809"}],"wp:term":[{"taxonomy":"product_brand","embeddable":true,"href":"https:\/\/explorial.com\/es\/wp-json\/wp\/v2\/product_brand?post=253809"},{"taxonomy":"product_cat","embeddable":true,"href":"https:\/\/explorial.com\/es\/wp-json\/wp\/v2\/product_cat?post=253809"},{"taxonomy":"product_tag","embeddable":true,"href":"https:\/\/explorial.com\/es\/wp-json\/wp\/v2\/product_tag?post=253809"}],"curies":[{"name":"wp","href":"https:\/\/api.w.org\/{rel}","templated":true}]}}