{"id":25305,"date":"2022-07-07T13:20:40","date_gmt":"2022-07-07T13:20:40","guid":{"rendered":"https:\/\/explorial.com\/trails\/visita-de-la-ciudad-lisboa-2\/"},"modified":"2024-09-17T13:38:08","modified_gmt":"2024-09-17T13:38:08","slug":"visita-de-la-ciudad-lisboa-2","status":"publish","type":"product","link":"https:\/\/explorial.com\/es\/trails\/visita-de-la-ciudad-lisboa-2\/","title":{"rendered":"Lisboa (Barrio de Bel\u00e9m)"},"content":{"rendered":"","protected":false},"excerpt":{"rendered":"","protected":false},"featured_media":25224,"comment_status":"open","ping_status":"closed","template":"","meta":{"_acf_changed":false},"product_brand":[],"product_cat":[478,480],"product_tag":[476],"class_list":{"0":"post-25305","1":"product","2":"type-product","3":"status-publish","4":"has-post-thumbnail","6":"product_cat-portugal-es","7":"product_cat-lisbon-region-es","8":"product_tag-lisbon-es","10":"first","11":"instock","12":"sale","13":"taxable","14":"shipping-taxable","15":"purchasable","16":"product-type-variable"},"acf":{"city_name":"Lisboa","city_name_display":"Lisboa (Barrio de Bel\u00e9m)","languages":"Portugu\u00e9s, Ingl\u00e9s, Espa\u00f1ol, Franc\u00e9s, Alem\u00e1n","duration":"aprox. 1.5 - 2 horas","description_1":"","description_2":"","city_description":"Explorar Bel\u00e9m a pie es conocer lugares emblem\u00e1ticos que te transportar\u00e1n a la gloriosa \u00e9poca de los descubrimientos, el lugar desde donde partieron los mayores exploradores de Portugal. Este antiguo pueblo de pescadores alberga la famosa tartaleta de crema de Bel\u00e9m y tambi\u00e9n iconos arquitect\u00f3nicos que prevalecen en la historia portuguesa. Te espera una visita memorable y envolvente en uno de los barrios m\u00e1s monumentales de Lisboa.","short_description":"","notes":"","header_image":25192,"highlight_locations":"Torre de Bel\u00e9m, Padr\u00e3o dos Descobrimentos, Mosteiro dos Jer\u00f3nimos","additional_wheelchair":"Lamentablemente, este recorrido es s\u00f3lo parcialmente apto para sillas de ruedas y coches de beb\u00e9s debido a los desniveles y escaleras. No obstante, el recorrido se puede realizar, pero algunos tramos pueden ser de dif\u00edcil acceso.","voucher_link":"","start_location_coordinates":"38.69689, -9.19887","start_location_name":"Museo Nacional de Carruajes","start_location_address":"Av. da \u00cdndia 136, 1300-300 Portugal","end_location_name":"Torre de Bel\u00e9m","partner_object":null},"_links":{"self":[{"href":"https:\/\/explorial.com\/es\/wp-json\/wp\/v2\/product\/25305","targetHints":{"allow":["GET"]}}],"collection":[{"href":"https:\/\/explorial.com\/es\/wp-json\/wp\/v2\/product"}],"about":[{"href":"https:\/\/explorial.com\/es\/wp-json\/wp\/v2\/types\/product"}],"replies":[{"embeddable":true,"href":"https:\/\/explorial.com\/es\/wp-json\/wp\/v2\/comments?post=25305"}],"wp:featuredmedia":[{"embeddable":true,"href":"https:\/\/explorial.com\/es\/wp-json\/wp\/v2\/media\/25224"}],"wp:attachment":[{"href":"https:\/\/explorial.com\/es\/wp-json\/wp\/v2\/media?parent=25305"}],"wp:term":[{"taxonomy":"product_brand","embeddable":true,"href":"https:\/\/explorial.com\/es\/wp-json\/wp\/v2\/product_brand?post=25305"},{"taxonomy":"product_cat","embeddable":true,"href":"https:\/\/explorial.com\/es\/wp-json\/wp\/v2\/product_cat?post=25305"},{"taxonomy":"product_tag","embeddable":true,"href":"https:\/\/explorial.com\/es\/wp-json\/wp\/v2\/product_tag?post=25305"}],"curies":[{"name":"wp","href":"https:\/\/api.w.org\/{rel}","templated":true}]}}