{"id":253022,"date":"2024-06-04T16:14:55","date_gmt":"2024-06-04T16:14:55","guid":{"rendered":"https:\/\/explorial.com\/trails\/visita-de-la-ciudad-guimaraes-1\/"},"modified":"2024-09-17T14:14:29","modified_gmt":"2024-09-17T14:14:29","slug":"visita-de-la-ciudad-guimaraes-1","status":"publish","type":"product","link":"https:\/\/explorial.com\/es\/trails\/visita-de-la-ciudad-guimaraes-1\/","title":{"rendered":"Guimar\u00e3es"},"content":{"rendered":"","protected":false},"excerpt":{"rendered":"","protected":false},"featured_media":252874,"comment_status":"open","ping_status":"closed","template":"","meta":{"_acf_changed":false},"product_brand":[],"product_cat":[489,478],"product_tag":[3381],"class_list":{"0":"post-253022","1":"product","2":"type-product","3":"status-publish","4":"has-post-thumbnail","6":"product_cat-northern-portugal-es","7":"product_cat-portugal-es","8":"product_tag-guimaraes-es","10":"first","11":"instock","12":"sale","13":"taxable","14":"shipping-taxable","15":"purchasable","16":"product-type-variable"},"acf":{"city_name":"Guimar\u00e3es","city_name_display":"Guimar\u00e3es","languages":"Portugu\u00e9s, Ingl\u00e9s","duration":"aprox. 1.5 - 2 horas","description_1":"","description_2":"","city_description":"","short_description":"","notes":"","header_image":252868,"highlight_locations":"Castelo de Guimar\u00e3es , Igreja de Nossa Senhora da Oliveira, Largo da Rep\u00fablica do Brasil","additional_wheelchair":"Lamentablemente, este recorrido es s\u00f3lo parcialmente apto para sillas de ruedas y coches de beb\u00e9s debido a los desniveles y escaleras. No obstante, el recorrido se puede realizar, pero algunos tramos pueden ser de dif\u00edcil acceso.","voucher_link":"","start_location_coordinates":"41.44958, -8.28812","start_location_name":"Igreja de S\u00e3o D\u00e2maso","start_location_address":"R. de Dona Mafalda 37, 4800 Guimar\u00e3es, Portugal","end_location_name":"Aqui Nasceu Portugal","partner_object":null},"_links":{"self":[{"href":"https:\/\/explorial.com\/es\/wp-json\/wp\/v2\/product\/253022","targetHints":{"allow":["GET"]}}],"collection":[{"href":"https:\/\/explorial.com\/es\/wp-json\/wp\/v2\/product"}],"about":[{"href":"https:\/\/explorial.com\/es\/wp-json\/wp\/v2\/types\/product"}],"replies":[{"embeddable":true,"href":"https:\/\/explorial.com\/es\/wp-json\/wp\/v2\/comments?post=253022"}],"wp:featuredmedia":[{"embeddable":true,"href":"https:\/\/explorial.com\/es\/wp-json\/wp\/v2\/media\/252874"}],"wp:attachment":[{"href":"https:\/\/explorial.com\/es\/wp-json\/wp\/v2\/media?parent=253022"}],"wp:term":[{"taxonomy":"product_brand","embeddable":true,"href":"https:\/\/explorial.com\/es\/wp-json\/wp\/v2\/product_brand?post=253022"},{"taxonomy":"product_cat","embeddable":true,"href":"https:\/\/explorial.com\/es\/wp-json\/wp\/v2\/product_cat?post=253022"},{"taxonomy":"product_tag","embeddable":true,"href":"https:\/\/explorial.com\/es\/wp-json\/wp\/v2\/product_tag?post=253022"}],"curies":[{"name":"wp","href":"https:\/\/api.w.org\/{rel}","templated":true}]}}