{"id":24685,"date":"2022-04-01T13:16:30","date_gmt":"2022-04-01T13:16:30","guid":{"rendered":"https:\/\/explorial.com\/trails\/visita-de-la-ciudad-coimbra-1\/"},"modified":"2024-09-17T13:26:34","modified_gmt":"2024-09-17T13:26:34","slug":"visita-de-la-ciudad-coimbra-1","status":"publish","type":"product","link":"https:\/\/explorial.com\/es\/trails\/visita-de-la-ciudad-coimbra-1\/","title":{"rendered":"Co\u00edmbra"},"content":{"rendered":"","protected":false},"excerpt":{"rendered":"","protected":false},"featured_media":50580,"comment_status":"open","ping_status":"closed","template":"","meta":{"_acf_changed":false},"product_brand":[],"product_cat":[493,478],"product_tag":[491],"class_list":{"0":"post-24685","1":"product","2":"type-product","3":"status-publish","4":"has-post-thumbnail","6":"product_cat-central-portugal-es","7":"product_cat-portugal-es","8":"product_tag-coimbra-es","10":"first","11":"instock","12":"sale","13":"taxable","14":"shipping-taxable","15":"purchasable","16":"product-type-variable"},"acf":{"city_name":"Co\u00edmbra","city_name_display":"Co\u00edmbra","languages":"Ingl\u00e9s, Portugu\u00e9s, Espa\u00f1ol, Franc\u00e9s, Alem\u00e1n","duration":"aprox. 1.5 - 2 horas","description_1":"","description_2":"","city_description":"Como dice el fado \u00abCoimbra tiene m\u00e1s encanto a la hora de la despedida\u00bb. En efecto, es \u00absaudade\u00bb lo que sentir\u00e1s cuando llegue el momento de despedirte de esta magn\u00edfica ciudad llena de historia y, al mismo tiempo, repleta de muchos j\u00f3venes estudiantes. Monumentos como la Catedral Vieja o el Pa\u00e7o das Escolas quedar\u00e1n sin duda en tu memoria para siempre.","short_description":"","notes":"","header_image":50540,"highlight_locations":"Jardim da Manga, Mosteiro de Santa Cruz, Pa\u00e7o das Escolas","additional_wheelchair":"Lamentablemente, este recorrido es s\u00f3lo parcialmente apto para sillas de ruedas y coches de beb\u00e9s debido a los desniveles y escaleras. No obstante, el recorrido se puede realizar, pero algunos tramos pueden ser de dif\u00edcil acceso.","voucher_link":"","start_location_coordinates":"40.21134, -8.42785","start_location_name":"Jard\u00edn de la Manga","start_location_address":"R. Ol\u00edmpio Nicolau Rui Fernandes 182\n3000-122 Coimbra","end_location_name":"Jard\u00edn de las Sirena","partner_object":null},"_links":{"self":[{"href":"https:\/\/explorial.com\/es\/wp-json\/wp\/v2\/product\/24685","targetHints":{"allow":["GET"]}}],"collection":[{"href":"https:\/\/explorial.com\/es\/wp-json\/wp\/v2\/product"}],"about":[{"href":"https:\/\/explorial.com\/es\/wp-json\/wp\/v2\/types\/product"}],"replies":[{"embeddable":true,"href":"https:\/\/explorial.com\/es\/wp-json\/wp\/v2\/comments?post=24685"}],"wp:featuredmedia":[{"embeddable":true,"href":"https:\/\/explorial.com\/es\/wp-json\/wp\/v2\/media\/50580"}],"wp:attachment":[{"href":"https:\/\/explorial.com\/es\/wp-json\/wp\/v2\/media?parent=24685"}],"wp:term":[{"taxonomy":"product_brand","embeddable":true,"href":"https:\/\/explorial.com\/es\/wp-json\/wp\/v2\/product_brand?post=24685"},{"taxonomy":"product_cat","embeddable":true,"href":"https:\/\/explorial.com\/es\/wp-json\/wp\/v2\/product_cat?post=24685"},{"taxonomy":"product_tag","embeddable":true,"href":"https:\/\/explorial.com\/es\/wp-json\/wp\/v2\/product_tag?post=24685"}],"curies":[{"name":"wp","href":"https:\/\/api.w.org\/{rel}","templated":true}]}}