{"id":24497,"date":"2022-04-01T13:15:15","date_gmt":"2022-04-01T13:15:15","guid":{"rendered":"https:\/\/explorial.com\/trails\/visita-de-la-ciudad-oporto-1\/"},"modified":"2024-09-17T13:12:26","modified_gmt":"2024-09-17T13:12:26","slug":"visita-de-la-ciudad-oporto-1","status":"publish","type":"product","link":"https:\/\/explorial.com\/es\/trails\/visita-de-la-ciudad-oporto-1\/","title":{"rendered":"Oporto"},"content":{"rendered":"","protected":false},"excerpt":{"rendered":"","protected":false},"featured_media":24416,"comment_status":"open","ping_status":"closed","template":"","meta":{"_acf_changed":false},"product_brand":[],"product_cat":[489,478],"product_tag":[487],"class_list":{"0":"post-24497","1":"product","2":"type-product","3":"status-publish","4":"has-post-thumbnail","6":"product_cat-northern-portugal-es","7":"product_cat-portugal-es","8":"product_tag-porto-es","10":"first","11":"instock","12":"sale","13":"taxable","14":"shipping-taxable","15":"purchasable","16":"product-type-variable"},"acf":{"city_name":"Oporto","city_name_display":"Oporto","languages":"Portugu\u00e9s, Ingl\u00e9s, Espa\u00f1ol, Franc\u00e9s, Alem\u00e1n","duration":"aprox. 1.5 - 2 horas","description_1":"","description_2":"","city_description":"Todos los a\u00f1os se baten r\u00e9cords de visitantes en la ciudad de Oporto. Poder disfrutar de un recorrido en el que aprender\u00e1s las cosas m\u00e1s curiosas sobre la Torre dos Cl\u00e9rigos o la Livraria Lello, entre otros lugares, te convertir\u00e1 en un verdadero \u00abconocedor\u00bb y en un aut\u00e9ntico \u00abnativo\u00bb. Siglos de historia te est\u00e1n esperando.","short_description":"","notes":"","header_image":24384,"highlight_locations":"Torre dos Cl\u00e9rigos, Esta\u00e7\u00e3o de S\u00e3o Bento, Livraria Lello","additional_wheelchair":"Lamentablemente, este recorrido es s\u00f3lo parcialmente apto para sillas de ruedas y coches de beb\u00e9s debido a los desniveles y escaleras. No obstante, el recorrido se puede realizar, pero algunos tramos pueden ser de dif\u00edcil acceso.","voucher_link":"","start_location_coordinates":"41.146, -8.61626","start_location_name":"Jardim da Cordoaria","start_location_address":"Campo dos M\u00e1rtires da P\u00e1tria\n4050-366 Oporto","end_location_name":"Ribeira de Porto","partner_object":null},"_links":{"self":[{"href":"https:\/\/explorial.com\/es\/wp-json\/wp\/v2\/product\/24497","targetHints":{"allow":["GET"]}}],"collection":[{"href":"https:\/\/explorial.com\/es\/wp-json\/wp\/v2\/product"}],"about":[{"href":"https:\/\/explorial.com\/es\/wp-json\/wp\/v2\/types\/product"}],"replies":[{"embeddable":true,"href":"https:\/\/explorial.com\/es\/wp-json\/wp\/v2\/comments?post=24497"}],"wp:featuredmedia":[{"embeddable":true,"href":"https:\/\/explorial.com\/es\/wp-json\/wp\/v2\/media\/24416"}],"wp:attachment":[{"href":"https:\/\/explorial.com\/es\/wp-json\/wp\/v2\/media?parent=24497"}],"wp:term":[{"taxonomy":"product_brand","embeddable":true,"href":"https:\/\/explorial.com\/es\/wp-json\/wp\/v2\/product_brand?post=24497"},{"taxonomy":"product_cat","embeddable":true,"href":"https:\/\/explorial.com\/es\/wp-json\/wp\/v2\/product_cat?post=24497"},{"taxonomy":"product_tag","embeddable":true,"href":"https:\/\/explorial.com\/es\/wp-json\/wp\/v2\/product_tag?post=24497"}],"curies":[{"name":"wp","href":"https:\/\/api.w.org\/{rel}","templated":true}]}}