{"id":236192,"date":"2024-05-16T08:52:39","date_gmt":"2024-05-16T08:52:39","guid":{"rendered":"https:\/\/explorial.com\/trails\/visita-de-la-ciudad-caen-1\/"},"modified":"2024-09-17T09:03:00","modified_gmt":"2024-09-17T09:03:00","slug":"visita-de-la-ciudad-caen-1","status":"publish","type":"product","link":"https:\/\/explorial.com\/es\/trails\/visita-de-la-ciudad-caen-1\/","title":{"rendered":"Caen"},"content":{"rendered":"","protected":false},"excerpt":{"rendered":"","protected":false},"featured_media":236047,"comment_status":"open","ping_status":"closed","template":"","meta":{"_acf_changed":false},"product_brand":[],"product_cat":[501,3320],"product_tag":[3315],"class_list":{"0":"post-236192","1":"product","2":"type-product","3":"status-publish","4":"has-post-thumbnail","6":"product_cat-france-es","7":"product_cat-normandy-es","8":"product_tag-caen-es","10":"first","11":"instock","12":"sale","13":"taxable","14":"shipping-taxable","15":"purchasable","16":"product-type-variable"},"acf":{"city_name":"Caen","city_name_display":"Caen","languages":"Ingl\u00e9s, Franc\u00e9s","duration":"aprox. 1.5 - 2 horas","description_1":"","description_2":"","city_description":"","short_description":"","notes":"","header_image":236041,"highlight_locations":"Porte Saint-Pierre, \u00c9glise de Saint-Pierre, L'Abbaye-aux-Hommes","additional_wheelchair":"Lamentablemente, este recorrido es s\u00f3lo parcialmente apto para sillas de ruedas y coches de beb\u00e9s debido a los desniveles y escaleras. No obstante, el recorrido se puede realizar, pero algunos tramos pueden ser de dif\u00edcil acceso.","voucher_link":"","start_location_coordinates":"49.18608, -0.36047","start_location_name":"Monument de la 3e division d'infanterie britannique","start_location_address":"64 avenue de la Lib\u00e9ration, 14000 Caen, France","end_location_name":"L'Abbaye-aux-Hommes","partner_object":null},"_links":{"self":[{"href":"https:\/\/explorial.com\/es\/wp-json\/wp\/v2\/product\/236192","targetHints":{"allow":["GET"]}}],"collection":[{"href":"https:\/\/explorial.com\/es\/wp-json\/wp\/v2\/product"}],"about":[{"href":"https:\/\/explorial.com\/es\/wp-json\/wp\/v2\/types\/product"}],"replies":[{"embeddable":true,"href":"https:\/\/explorial.com\/es\/wp-json\/wp\/v2\/comments?post=236192"}],"wp:featuredmedia":[{"embeddable":true,"href":"https:\/\/explorial.com\/es\/wp-json\/wp\/v2\/media\/236047"}],"wp:attachment":[{"href":"https:\/\/explorial.com\/es\/wp-json\/wp\/v2\/media?parent=236192"}],"wp:term":[{"taxonomy":"product_brand","embeddable":true,"href":"https:\/\/explorial.com\/es\/wp-json\/wp\/v2\/product_brand?post=236192"},{"taxonomy":"product_cat","embeddable":true,"href":"https:\/\/explorial.com\/es\/wp-json\/wp\/v2\/product_cat?post=236192"},{"taxonomy":"product_tag","embeddable":true,"href":"https:\/\/explorial.com\/es\/wp-json\/wp\/v2\/product_tag?post=236192"}],"curies":[{"name":"wp","href":"https:\/\/api.w.org\/{rel}","templated":true}]}}