{"id":215079,"date":"2024-04-22T15:51:35","date_gmt":"2024-04-22T15:51:35","guid":{"rendered":"https:\/\/explorial.com\/trails\/visita-de-la-ciudad-cannes-1\/"},"modified":"2024-09-17T09:29:15","modified_gmt":"2024-09-17T09:29:15","slug":"visita-de-la-ciudad-cannes-1","status":"publish","type":"product","link":"https:\/\/explorial.com\/es\/trails\/visita-de-la-ciudad-cannes-1\/","title":{"rendered":"Cannes"},"content":{"rendered":"","protected":false},"excerpt":{"rendered":"","protected":false},"featured_media":214619,"comment_status":"open","ping_status":"closed","template":"","meta":{"_acf_changed":false},"product_brand":[],"product_cat":[501,516],"product_tag":[3160],"class_list":{"0":"post-215079","1":"product","2":"type-product","3":"status-publish","4":"has-post-thumbnail","6":"product_cat-france-es","7":"product_cat-provence-alpes-cote-dazur-es","8":"product_tag-cannes-es","10":"first","11":"instock","12":"sale","13":"taxable","14":"shipping-taxable","15":"purchasable","16":"product-type-variable"},"acf":{"city_name":"Cannes","city_name_display":"Cannes","languages":"Ingl\u00e9s, Franc\u00e9s","duration":"aprox. 1.5 - 2 horas","description_1":"","description_2":"","city_description":"","short_description":"","notes":"","header_image":214612,"highlight_locations":"Palais des Festivals et des Congr\u00e8s, Le Mur Peint - Cin\u00e9ma Cannes , Statue du Lord Brougham ","additional_wheelchair":"Lamentablemente, este recorrido es s\u00f3lo parcialmente apto para sillas de ruedas y coches de beb\u00e9s debido a los desniveles y escaleras. No obstante, el recorrido se puede realizar, pero algunos tramos pueden ser de dif\u00edcil acceso.","voucher_link":"","start_location_coordinates":"43.54907, 7.02687","start_location_name":"Jet\u00e9e du Carlton H\u00f4tel","start_location_address":"Bd de la Croisette, 06400 Cannes","end_location_name":"Statue de Notre Dame de l'Esp\u00e9rance ","partner_object":null},"_links":{"self":[{"href":"https:\/\/explorial.com\/es\/wp-json\/wp\/v2\/product\/215079","targetHints":{"allow":["GET"]}}],"collection":[{"href":"https:\/\/explorial.com\/es\/wp-json\/wp\/v2\/product"}],"about":[{"href":"https:\/\/explorial.com\/es\/wp-json\/wp\/v2\/types\/product"}],"replies":[{"embeddable":true,"href":"https:\/\/explorial.com\/es\/wp-json\/wp\/v2\/comments?post=215079"}],"wp:featuredmedia":[{"embeddable":true,"href":"https:\/\/explorial.com\/es\/wp-json\/wp\/v2\/media\/214619"}],"wp:attachment":[{"href":"https:\/\/explorial.com\/es\/wp-json\/wp\/v2\/media?parent=215079"}],"wp:term":[{"taxonomy":"product_brand","embeddable":true,"href":"https:\/\/explorial.com\/es\/wp-json\/wp\/v2\/product_brand?post=215079"},{"taxonomy":"product_cat","embeddable":true,"href":"https:\/\/explorial.com\/es\/wp-json\/wp\/v2\/product_cat?post=215079"},{"taxonomy":"product_tag","embeddable":true,"href":"https:\/\/explorial.com\/es\/wp-json\/wp\/v2\/product_tag?post=215079"}],"curies":[{"name":"wp","href":"https:\/\/api.w.org\/{rel}","templated":true}]}}