{"id":194782,"date":"2024-03-15T14:32:37","date_gmt":"2024-03-15T14:32:37","guid":{"rendered":"https:\/\/explorial.com\/trails\/visita-de-la-ciudad-sofia-1\/"},"modified":"2024-03-15T16:47:40","modified_gmt":"2024-03-15T16:47:40","slug":"visita-de-la-ciudad-sofia-1","status":"publish","type":"product","link":"https:\/\/explorial.com\/es\/trails\/visita-de-la-ciudad-sofia-1\/","title":{"rendered":"Sof\u00eda"},"content":{"rendered":"","protected":false},"excerpt":{"rendered":"","protected":false},"featured_media":194631,"comment_status":"open","ping_status":"closed","template":"","meta":{"_acf_changed":false},"product_brand":[],"product_cat":[3060,3065],"product_tag":[3053],"class_list":{"0":"post-194782","1":"product","2":"type-product","3":"status-publish","4":"has-post-thumbnail","6":"product_cat-bulgaria-es","7":"product_cat-sofia-city-es","8":"product_tag-sofia-es","10":"first","11":"instock","12":"sale","13":"taxable","14":"shipping-taxable","15":"purchasable","16":"product-type-variable"},"acf":{"city_name":"Sof\u00eda","city_name_display":"Sof\u00eda","languages":"Ingl\u00e9s","duration":"aprox. 1.5 - 2 horas","description_1":"","description_2":"","city_description":"","short_description":"","notes":"","header_image":194625,"highlight_locations":"Katedrala \u201eSveti Aleksandar Nevski\u201c, Naroden teatar \u201eIvan Vazov\u201c, Regionalen istoricheski muzei","additional_wheelchair":"Lamentablemente, este recorrido es s\u00f3lo parcialmente apto para sillas de ruedas y coches de beb\u00e9s debido a los desniveles y escaleras. No obstante, el recorrido se puede realizar, pero algunos tramos pueden ser de dif\u00edcil acceso.","voucher_link":"","start_location_coordinates":"42.69497, 23.33510","start_location_name":"Monument of Sts. Cyril and Methodius","start_location_address":"Doktorska Gradina, 1504, Bulgaria","end_location_name":"","partner_object":null},"_links":{"self":[{"href":"https:\/\/explorial.com\/es\/wp-json\/wp\/v2\/product\/194782","targetHints":{"allow":["GET"]}}],"collection":[{"href":"https:\/\/explorial.com\/es\/wp-json\/wp\/v2\/product"}],"about":[{"href":"https:\/\/explorial.com\/es\/wp-json\/wp\/v2\/types\/product"}],"replies":[{"embeddable":true,"href":"https:\/\/explorial.com\/es\/wp-json\/wp\/v2\/comments?post=194782"}],"wp:featuredmedia":[{"embeddable":true,"href":"https:\/\/explorial.com\/es\/wp-json\/wp\/v2\/media\/194631"}],"wp:attachment":[{"href":"https:\/\/explorial.com\/es\/wp-json\/wp\/v2\/media?parent=194782"}],"wp:term":[{"taxonomy":"product_brand","embeddable":true,"href":"https:\/\/explorial.com\/es\/wp-json\/wp\/v2\/product_brand?post=194782"},{"taxonomy":"product_cat","embeddable":true,"href":"https:\/\/explorial.com\/es\/wp-json\/wp\/v2\/product_cat?post=194782"},{"taxonomy":"product_tag","embeddable":true,"href":"https:\/\/explorial.com\/es\/wp-json\/wp\/v2\/product_tag?post=194782"}],"curies":[{"name":"wp","href":"https:\/\/api.w.org\/{rel}","templated":true}]}}