{"id":194501,"date":"2024-03-15T14:11:07","date_gmt":"2024-03-15T14:11:07","guid":{"rendered":"https:\/\/explorial.com\/trails\/visita-de-la-ciudad-ronda-1\/"},"modified":"2024-09-17T08:34:49","modified_gmt":"2024-09-17T08:34:49","slug":"visita-de-la-ciudad-ronda-1","status":"publish","type":"product","link":"https:\/\/explorial.com\/es\/trails\/visita-de-la-ciudad-ronda-1\/","title":{"rendered":"Ronda"},"content":{"rendered":"","protected":false},"excerpt":{"rendered":"","protected":false},"featured_media":194357,"comment_status":"open","ping_status":"closed","template":"","meta":{"_acf_changed":false},"product_brand":[],"product_cat":[428,422],"product_tag":[3047],"class_list":{"0":"post-194501","1":"product","2":"type-product","3":"status-publish","4":"has-post-thumbnail","6":"product_cat-andalusia-es","7":"product_cat-spain-es","8":"product_tag-ronda-es","10":"first","11":"instock","12":"sale","13":"taxable","14":"shipping-taxable","15":"purchasable","16":"product-type-variable"},"acf":{"city_name":"Ronda","city_name_display":"Ronda","languages":"Espa\u00f1ol, Ingl\u00e9s","duration":"aprox. 1.5 - 2 horas","description_1":"","description_2":"","city_description":"En la provincia de M\u00e1laga, Ronda cautiva a todos con su singular disposici\u00f3n, dividida en dos partes por impresionantes acantilados de piedra. Explorar Ronda va m\u00e1s all\u00e1 de un simple paseo; es sumergirse en la magia que ha fascinado a viajeros de todas las \u00e9pocas; es disfrutar de vistas espectaculares y descubrir fascinantes leyendas. \u00a1Una parada imperdible!","short_description":"","notes":"","header_image":194351,"highlight_locations":"Puente Nuevo, Plaza Duquesa de Parcent, Jardines de Cuenca","additional_wheelchair":"Lamentablemente, este recorrido es s\u00f3lo parcialmente apto para sillas de ruedas y coches de beb\u00e9s debido a los desniveles y escaleras. No obstante, el recorrido se puede realizar, pero algunos tramos pueden ser de dif\u00edcil acceso.","voucher_link":"","start_location_coordinates":"36.74413, -5.16736","start_location_name":"Plaza de la Merced","start_location_address":"Pl. de la Merced, 29400, Espa\u00f1a","end_location_name":"Jardines de Cuenca","partner_object":null},"_links":{"self":[{"href":"https:\/\/explorial.com\/es\/wp-json\/wp\/v2\/product\/194501","targetHints":{"allow":["GET"]}}],"collection":[{"href":"https:\/\/explorial.com\/es\/wp-json\/wp\/v2\/product"}],"about":[{"href":"https:\/\/explorial.com\/es\/wp-json\/wp\/v2\/types\/product"}],"replies":[{"embeddable":true,"href":"https:\/\/explorial.com\/es\/wp-json\/wp\/v2\/comments?post=194501"}],"wp:featuredmedia":[{"embeddable":true,"href":"https:\/\/explorial.com\/es\/wp-json\/wp\/v2\/media\/194357"}],"wp:attachment":[{"href":"https:\/\/explorial.com\/es\/wp-json\/wp\/v2\/media?parent=194501"}],"wp:term":[{"taxonomy":"product_brand","embeddable":true,"href":"https:\/\/explorial.com\/es\/wp-json\/wp\/v2\/product_brand?post=194501"},{"taxonomy":"product_cat","embeddable":true,"href":"https:\/\/explorial.com\/es\/wp-json\/wp\/v2\/product_cat?post=194501"},{"taxonomy":"product_tag","embeddable":true,"href":"https:\/\/explorial.com\/es\/wp-json\/wp\/v2\/product_tag?post=194501"}],"curies":[{"name":"wp","href":"https:\/\/api.w.org\/{rel}","templated":true}]}}