{"id":194140,"date":"2024-03-15T13:49:52","date_gmt":"2024-03-15T13:49:52","guid":{"rendered":"https:\/\/explorial.com\/trails\/visita-de-la-ciudad-cadiz-1\/"},"modified":"2024-09-17T08:31:43","modified_gmt":"2024-09-17T08:31:43","slug":"visita-de-la-ciudad-cadiz-1","status":"publish","type":"product","link":"https:\/\/explorial.com\/es\/trails\/visita-de-la-ciudad-cadiz-1\/","title":{"rendered":"C\u00e1diz"},"content":{"rendered":"","protected":false},"excerpt":{"rendered":"","protected":false},"featured_media":193997,"comment_status":"open","ping_status":"closed","template":"","meta":{"_acf_changed":false},"product_brand":[],"product_cat":[428,422],"product_tag":[3042],"class_list":{"0":"post-194140","1":"product","2":"type-product","3":"status-publish","4":"has-post-thumbnail","6":"product_cat-andalusia-es","7":"product_cat-spain-es","8":"product_tag-cadiz-es","10":"first","11":"instock","12":"sale","13":"taxable","14":"shipping-taxable","15":"purchasable","16":"product-type-variable"},"acf":{"city_name":"C\u00e1diz","city_name_display":"C\u00e1diz","languages":"Espa\u00f1ol, Ingl\u00e9s","duration":"aprox. 1.5 - 2 horas","description_1":"","description_2":"","city_description":"Una de las ciudades m\u00e1s hermosas de Espa\u00f1a, C\u00e1diz cautiva a todos con su luminosidad, alegr\u00eda y las impresionantes puestas de sol junto al mar. Con una historia que abarca m\u00e1s de 3.000 a\u00f1os, esta ciudad tiene incontables historias que contar.","short_description":"","notes":"","header_image":193991,"highlight_locations":"Catedral de C\u00e1diz, Gran Teatro Falla, La Caleta","additional_wheelchair":"Lamentablemente, este recorrido es s\u00f3lo parcialmente apto para sillas de ruedas y coches de beb\u00e9s debido a los desniveles y escaleras. No obstante, el recorrido se puede realizar, pero algunos tramos pueden ser de dif\u00edcil acceso.","voucher_link":"","start_location_coordinates":"36.5314, -6.29267","start_location_name":"Oficina Municipal de Turismo ","start_location_address":"Paseo de Canalejas, 11006, Espa\u00f1a","end_location_name":"La Caleta","partner_object":null},"_links":{"self":[{"href":"https:\/\/explorial.com\/es\/wp-json\/wp\/v2\/product\/194140","targetHints":{"allow":["GET"]}}],"collection":[{"href":"https:\/\/explorial.com\/es\/wp-json\/wp\/v2\/product"}],"about":[{"href":"https:\/\/explorial.com\/es\/wp-json\/wp\/v2\/types\/product"}],"replies":[{"embeddable":true,"href":"https:\/\/explorial.com\/es\/wp-json\/wp\/v2\/comments?post=194140"}],"wp:featuredmedia":[{"embeddable":true,"href":"https:\/\/explorial.com\/es\/wp-json\/wp\/v2\/media\/193997"}],"wp:attachment":[{"href":"https:\/\/explorial.com\/es\/wp-json\/wp\/v2\/media?parent=194140"}],"wp:term":[{"taxonomy":"product_brand","embeddable":true,"href":"https:\/\/explorial.com\/es\/wp-json\/wp\/v2\/product_brand?post=194140"},{"taxonomy":"product_cat","embeddable":true,"href":"https:\/\/explorial.com\/es\/wp-json\/wp\/v2\/product_cat?post=194140"},{"taxonomy":"product_tag","embeddable":true,"href":"https:\/\/explorial.com\/es\/wp-json\/wp\/v2\/product_tag?post=194140"}],"curies":[{"name":"wp","href":"https:\/\/api.w.org\/{rel}","templated":true}]}}