{"id":188457,"date":"2024-02-14T17:28:51","date_gmt":"2024-02-14T17:28:51","guid":{"rendered":"https:\/\/explorial.com\/trails\/visita-de-la-ciudad-oaxaca-1\/"},"modified":"2024-09-10T07:58:41","modified_gmt":"2024-09-10T07:58:41","slug":"visita-de-la-ciudad-oaxaca-1","status":"publish","type":"product","link":"https:\/\/explorial.com\/es\/trails\/visita-de-la-ciudad-oaxaca-1\/","title":{"rendered":"Oaxaca"},"content":{"rendered":"","protected":false},"excerpt":{"rendered":"","protected":false},"featured_media":276886,"comment_status":"open","ping_status":"closed","template":"","meta":{"_acf_changed":false},"product_brand":[],"product_cat":[1337,3001],"product_tag":[2995],"class_list":{"0":"post-188457","1":"product","2":"type-product","3":"status-publish","4":"has-post-thumbnail","6":"product_cat-mexico-es","7":"product_cat-oaxaca-es","8":"product_tag-oaxaca-es","10":"first","11":"instock","12":"sale","13":"taxable","14":"shipping-taxable","15":"purchasable","16":"product-type-variable"},"acf":{"city_name":"Oaxaca","city_name_display":"Oaxaca","languages":"Ingl\u00e9s","duration":"aprox. 1.5 - 2 horas","description_1":"","description_2":"","city_description":"","short_description":"","notes":"","header_image":276874,"highlight_locations":"Templo de Santo Domingo de Guzm\u00e1n, Jard\u00edn Etnobot\u00e1nico de Oaxaca, Mercado Benito Ju\u00e1rez","additional_wheelchair":"Lamentablemente, este recorrido es s\u00f3lo parcialmente apto para sillas de ruedas y coches de beb\u00e9s debido a los desniveles y escaleras. No obstante, el recorrido se puede realizar, pero algunos tramos pueden ser de dif\u00edcil acceso.","voucher_link":"","start_location_coordinates":"17.06584, -96.7238","start_location_name":"Tourist Office","start_location_address":"C. Macedonio Alcal\u00e1 501, RUTA INDEPENDENCIA, Centro, 68000 Oaxaca de Ju\u00e1rez","end_location_name":"Mercado Benito Ju\u00e1rez","partner_object":null},"_links":{"self":[{"href":"https:\/\/explorial.com\/es\/wp-json\/wp\/v2\/product\/188457","targetHints":{"allow":["GET"]}}],"collection":[{"href":"https:\/\/explorial.com\/es\/wp-json\/wp\/v2\/product"}],"about":[{"href":"https:\/\/explorial.com\/es\/wp-json\/wp\/v2\/types\/product"}],"replies":[{"embeddable":true,"href":"https:\/\/explorial.com\/es\/wp-json\/wp\/v2\/comments?post=188457"}],"wp:featuredmedia":[{"embeddable":true,"href":"https:\/\/explorial.com\/es\/wp-json\/wp\/v2\/media\/276886"}],"wp:attachment":[{"href":"https:\/\/explorial.com\/es\/wp-json\/wp\/v2\/media?parent=188457"}],"wp:term":[{"taxonomy":"product_brand","embeddable":true,"href":"https:\/\/explorial.com\/es\/wp-json\/wp\/v2\/product_brand?post=188457"},{"taxonomy":"product_cat","embeddable":true,"href":"https:\/\/explorial.com\/es\/wp-json\/wp\/v2\/product_cat?post=188457"},{"taxonomy":"product_tag","embeddable":true,"href":"https:\/\/explorial.com\/es\/wp-json\/wp\/v2\/product_tag?post=188457"}],"curies":[{"name":"wp","href":"https:\/\/api.w.org\/{rel}","templated":true}]}}