{"id":168048,"date":"2024-01-24T13:10:31","date_gmt":"2024-01-24T13:10:31","guid":{"rendered":"https:\/\/explorial.com\/trails\/visita-de-la-ciudad-la-coruna-1\/"},"modified":"2024-09-17T07:34:28","modified_gmt":"2024-09-17T07:34:28","slug":"visita-de-la-ciudad-la-coruna-1","status":"publish","type":"product","link":"https:\/\/explorial.com\/es\/trails\/visita-de-la-ciudad-la-coruna-1\/","title":{"rendered":"La Coru\u00f1a"},"content":{"rendered":"","protected":false},"excerpt":{"rendered":"","protected":false},"featured_media":167927,"comment_status":"open","ping_status":"closed","template":"","meta":{"_acf_changed":false},"product_brand":[],"product_cat":[422,2878],"product_tag":[2896],"class_list":{"0":"post-168048","1":"product","2":"type-product","3":"status-publish","4":"has-post-thumbnail","6":"product_cat-spain-es","7":"product_cat-galicia-es","8":"product_tag-a-coruna-es","10":"first","11":"instock","12":"sale","13":"taxable","14":"shipping-taxable","15":"purchasable","16":"product-type-variable"},"acf":{"city_name":"La Coru\u00f1a","city_name_display":"La Coru\u00f1a","languages":"Espa\u00f1ol, Ingl\u00e9s","duration":"aprox. 1.5 - 2 horas","description_1":"","description_2":"","city_description":"En el noroeste de Espa\u00f1a, La Coru\u00f1a se distingue por su hermosa costa atl\u00e1ntica y su impresionante arquitectura de galer\u00edas acristaladas. Esta joya gallega, fundada en el siglo XIII, evoca su glorioso pasado a trav\u00e9s de figuras emblem\u00e1ticas como la hero\u00edna Mar\u00eda Pita y el h\u00e9roe H\u00e9rcules. Descubrir La Coru\u00f1a es pasear por sus pintorescos barrios llenos de encanto y deleitarse con su sabrosa gastronom\u00eda marinera. \u00a1Te espera una escapada irresistible!","short_description":"","notes":"","header_image":167921,"highlight_locations":"Praza de Mar\u00eda Pita, Parque da Marina, Igrexa de Santiago","additional_wheelchair":"Lamentablemente, este recorrido es s\u00f3lo parcialmente apto para sillas de ruedas y coches de beb\u00e9s debido a los desniveles y escaleras. No obstante, el recorrido se puede realizar, pero algunos tramos pueden ser de dif\u00edcil acceso.","voucher_link":"","start_location_coordinates":"43.37167, -8.3979","start_location_name":"Mercado de San Agust\u00edn","start_location_address":"Praza San Agust\u00edn, 1, 15001, Espa\u00f1a","end_location_name":"Parque da Marina","partner_object":null},"_links":{"self":[{"href":"https:\/\/explorial.com\/es\/wp-json\/wp\/v2\/product\/168048","targetHints":{"allow":["GET"]}}],"collection":[{"href":"https:\/\/explorial.com\/es\/wp-json\/wp\/v2\/product"}],"about":[{"href":"https:\/\/explorial.com\/es\/wp-json\/wp\/v2\/types\/product"}],"replies":[{"embeddable":true,"href":"https:\/\/explorial.com\/es\/wp-json\/wp\/v2\/comments?post=168048"}],"wp:featuredmedia":[{"embeddable":true,"href":"https:\/\/explorial.com\/es\/wp-json\/wp\/v2\/media\/167927"}],"wp:attachment":[{"href":"https:\/\/explorial.com\/es\/wp-json\/wp\/v2\/media?parent=168048"}],"wp:term":[{"taxonomy":"product_brand","embeddable":true,"href":"https:\/\/explorial.com\/es\/wp-json\/wp\/v2\/product_brand?post=168048"},{"taxonomy":"product_cat","embeddable":true,"href":"https:\/\/explorial.com\/es\/wp-json\/wp\/v2\/product_cat?post=168048"},{"taxonomy":"product_tag","embeddable":true,"href":"https:\/\/explorial.com\/es\/wp-json\/wp\/v2\/product_tag?post=168048"}],"curies":[{"name":"wp","href":"https:\/\/api.w.org\/{rel}","templated":true}]}}