{"id":167773,"date":"2024-01-24T13:07:31","date_gmt":"2024-01-24T13:07:31","guid":{"rendered":"https:\/\/explorial.com\/trails\/visita-de-la-ciudad-vigo-1\/"},"modified":"2024-09-17T08:28:34","modified_gmt":"2024-09-17T08:28:34","slug":"visita-de-la-ciudad-vigo-1","status":"publish","type":"product","link":"https:\/\/explorial.com\/es\/trails\/visita-de-la-ciudad-vigo-1\/","title":{"rendered":"Vigo"},"content":{"rendered":"","protected":false},"excerpt":{"rendered":"","protected":false},"featured_media":167651,"comment_status":"open","ping_status":"closed","template":"","meta":{"_acf_changed":false},"product_brand":[],"product_cat":[422,2878],"product_tag":[2889],"class_list":{"0":"post-167773","1":"product","2":"type-product","3":"status-publish","4":"has-post-thumbnail","6":"product_cat-spain-es","7":"product_cat-galicia-es","8":"product_tag-vigo-es","10":"first","11":"instock","12":"sale","13":"taxable","14":"shipping-taxable","15":"purchasable","16":"product-type-variable"},"acf":{"city_name":"Vigo","city_name_display":"Vigo","languages":"Espa\u00f1ol, Ingl\u00e9s","duration":"aprox. 1.5 - 2 horas","description_1":"","description_2":"","city_description":"\u00a1Aunque en los \u00faltimos a\u00f1os Vigo se ha coronado como la capital navide\u00f1a de Espa\u00f1a, su esencia est\u00e1 arraigada en el mar! Esta ciudad gallega, famosa por su lonja que abastece gran parte de Europa, va m\u00e1s all\u00e1 de las luces festivas. En este fascinante recorrido por el coraz\u00f3n de Vigo, descubrir\u00e1s singulares edificios, curiosas esculturas y plazas llenas de historias.","short_description":"","notes":"","header_image":167645,"highlight_locations":"Praza Porta do Sol, Monumento a Jules Verne, Praza da Princesa","additional_wheelchair":"Lamentablemente, este recorrido es s\u00f3lo parcialmente apto para sillas de ruedas y coches de beb\u00e9s debido a los desniveles y escaleras. No obstante, el recorrido se puede realizar, pero algunos tramos pueden ser de dif\u00edcil acceso.","voucher_link":"","start_location_coordinates":"42.23766, -8.72298","start_location_name":"Casa das Artes","start_location_address":"R\u00faa Policarpo Sanz, 15, 36201, Espa\u00f1a","end_location_name":"Monumento a Jules Verne","partner_object":null},"_links":{"self":[{"href":"https:\/\/explorial.com\/es\/wp-json\/wp\/v2\/product\/167773","targetHints":{"allow":["GET"]}}],"collection":[{"href":"https:\/\/explorial.com\/es\/wp-json\/wp\/v2\/product"}],"about":[{"href":"https:\/\/explorial.com\/es\/wp-json\/wp\/v2\/types\/product"}],"replies":[{"embeddable":true,"href":"https:\/\/explorial.com\/es\/wp-json\/wp\/v2\/comments?post=167773"}],"wp:featuredmedia":[{"embeddable":true,"href":"https:\/\/explorial.com\/es\/wp-json\/wp\/v2\/media\/167651"}],"wp:attachment":[{"href":"https:\/\/explorial.com\/es\/wp-json\/wp\/v2\/media?parent=167773"}],"wp:term":[{"taxonomy":"product_brand","embeddable":true,"href":"https:\/\/explorial.com\/es\/wp-json\/wp\/v2\/product_brand?post=167773"},{"taxonomy":"product_cat","embeddable":true,"href":"https:\/\/explorial.com\/es\/wp-json\/wp\/v2\/product_cat?post=167773"},{"taxonomy":"product_tag","embeddable":true,"href":"https:\/\/explorial.com\/es\/wp-json\/wp\/v2\/product_tag?post=167773"}],"curies":[{"name":"wp","href":"https:\/\/api.w.org\/{rel}","templated":true}]}}