{"id":167488,"date":"2024-01-24T13:05:16","date_gmt":"2024-01-24T13:05:16","guid":{"rendered":"https:\/\/explorial.com\/trails\/visita-de-la-ciudad-santiago-de-compostela-1\/"},"modified":"2024-09-17T08:14:56","modified_gmt":"2024-09-17T08:14:56","slug":"visita-de-la-ciudad-santiago-de-compostela-1","status":"publish","type":"product","link":"https:\/\/explorial.com\/es\/trails\/visita-de-la-ciudad-santiago-de-compostela-1\/","title":{"rendered":"Santiago de Compostela"},"content":{"rendered":"","protected":false},"excerpt":{"rendered":"","protected":false},"featured_media":167348,"comment_status":"open","ping_status":"closed","template":"","meta":{"_acf_changed":false},"product_brand":[],"product_cat":[422,2878],"product_tag":[2884],"class_list":{"0":"post-167488","1":"product","2":"type-product","3":"status-publish","4":"has-post-thumbnail","6":"product_cat-spain-es","7":"product_cat-galicia-es","8":"product_tag-santiago-de-compostela-es","10":"first","11":"instock","12":"sale","13":"taxable","14":"shipping-taxable","15":"purchasable","16":"product-type-variable"},"acf":{"city_name":"Santiago de Compostela","city_name_display":"Santiago de Compostela","languages":"Espa\u00f1ol, Ingl\u00e9s","duration":"aprox. 1.5 - 2 horas","description_1":"","description_2":"","city_description":"Coraz\u00f3n de Galicia, Santiago de Compostela goza de una belleza cautivadora. Su catedral, venerada por peregrinos de todo el mundo, es testigo de siglos de espiritualidad y punto de encuentro de culturas. Al recorrer sus antiguas calles, te deleitar\u00e1s con los aromas del pulpo a la gallega y descubrir\u00e1s tesoros atemporales, as\u00ed como una fusi\u00f3n \u00fanica de tradici\u00f3n y cultura. \u00a1Santiago te invita a sumergirte en su vibrante patrimonio hist\u00f3rico!","short_description":"","notes":"","header_image":167342,"highlight_locations":"Parque da Alameda, Praza do Obradoiro, Praza da Quintana","additional_wheelchair":"Lamentablemente, este recorrido es s\u00f3lo parcialmente apto para sillas de ruedas y coches de beb\u00e9s debido a los desniveles y escaleras. No obstante, el recorrido se puede realizar, pero algunos tramos pueden ser de dif\u00edcil acceso.","voucher_link":"","start_location_coordinates":"42.88105, -8.54243","start_location_name":"Zona C - Punto de Informaci\u00f3n Cultural","start_location_address":"Praza de Cervantes, 1, 15704, Espa\u00f1a","end_location_name":"Parque da Alameda","partner_object":null},"_links":{"self":[{"href":"https:\/\/explorial.com\/es\/wp-json\/wp\/v2\/product\/167488","targetHints":{"allow":["GET"]}}],"collection":[{"href":"https:\/\/explorial.com\/es\/wp-json\/wp\/v2\/product"}],"about":[{"href":"https:\/\/explorial.com\/es\/wp-json\/wp\/v2\/types\/product"}],"replies":[{"embeddable":true,"href":"https:\/\/explorial.com\/es\/wp-json\/wp\/v2\/comments?post=167488"}],"wp:featuredmedia":[{"embeddable":true,"href":"https:\/\/explorial.com\/es\/wp-json\/wp\/v2\/media\/167348"}],"wp:attachment":[{"href":"https:\/\/explorial.com\/es\/wp-json\/wp\/v2\/media?parent=167488"}],"wp:term":[{"taxonomy":"product_brand","embeddable":true,"href":"https:\/\/explorial.com\/es\/wp-json\/wp\/v2\/product_brand?post=167488"},{"taxonomy":"product_cat","embeddable":true,"href":"https:\/\/explorial.com\/es\/wp-json\/wp\/v2\/product_cat?post=167488"},{"taxonomy":"product_tag","embeddable":true,"href":"https:\/\/explorial.com\/es\/wp-json\/wp\/v2\/product_tag?post=167488"}],"curies":[{"name":"wp","href":"https:\/\/api.w.org\/{rel}","templated":true}]}}