{"id":165644,"date":"2024-01-09T15:11:25","date_gmt":"2024-01-09T15:11:25","guid":{"rendered":"https:\/\/explorial.com\/trails\/visita-de-la-ciudad-rimini-1\/"},"modified":"2024-09-17T12:51:15","modified_gmt":"2024-09-17T12:51:15","slug":"visita-de-la-ciudad-rimini-1","status":"publish","type":"product","link":"https:\/\/explorial.com\/es\/trails\/visita-de-la-ciudad-rimini-1\/","title":{"rendered":"R\u00edmini"},"content":{"rendered":"","protected":false},"excerpt":{"rendered":"","protected":false},"featured_media":234427,"comment_status":"open","ping_status":"closed","template":"","meta":{"_acf_changed":false},"product_brand":[],"product_cat":[2862,1435],"product_tag":[2856],"class_list":{"0":"post-165644","1":"product","2":"type-product","3":"status-publish","4":"has-post-thumbnail","6":"product_cat-emilia-romagna-es","7":"product_cat-italy-es","8":"product_tag-rimini-es","10":"first","11":"instock","12":"sale","13":"taxable","14":"shipping-taxable","15":"purchasable","16":"product-type-variable"},"acf":{"city_name":"R\u00edmini","city_name_display":"R\u00edmini","languages":"Ingl\u00e9s, Italiano","duration":"aprox. 1.5 - 2 horas","description_1":"","description_2":"","city_description":"","short_description":"","notes":"","header_image":234421,"highlight_locations":"Tempio Malatestiano, Castel Sismondo, Ponte di Tiberio","additional_wheelchair":"Lamentablemente, este recorrido es s\u00f3lo parcialmente apto para sillas de ruedas y coches de beb\u00e9s debido a los desniveles y escaleras. No obstante, el recorrido se puede realizar, pero algunos tramos pueden ser de dif\u00edcil acceso.","voucher_link":"","start_location_coordinates":"44.05686, 12.5694","start_location_name":"Santuario della Madonna della Misericordia","start_location_address":"Via Santa Chiara, 28, 47921 Rimini, Italia","end_location_name":"Ponte di Tiberio","partner_object":null},"_links":{"self":[{"href":"https:\/\/explorial.com\/es\/wp-json\/wp\/v2\/product\/165644","targetHints":{"allow":["GET"]}}],"collection":[{"href":"https:\/\/explorial.com\/es\/wp-json\/wp\/v2\/product"}],"about":[{"href":"https:\/\/explorial.com\/es\/wp-json\/wp\/v2\/types\/product"}],"replies":[{"embeddable":true,"href":"https:\/\/explorial.com\/es\/wp-json\/wp\/v2\/comments?post=165644"}],"wp:featuredmedia":[{"embeddable":true,"href":"https:\/\/explorial.com\/es\/wp-json\/wp\/v2\/media\/234427"}],"wp:attachment":[{"href":"https:\/\/explorial.com\/es\/wp-json\/wp\/v2\/media?parent=165644"}],"wp:term":[{"taxonomy":"product_brand","embeddable":true,"href":"https:\/\/explorial.com\/es\/wp-json\/wp\/v2\/product_brand?post=165644"},{"taxonomy":"product_cat","embeddable":true,"href":"https:\/\/explorial.com\/es\/wp-json\/wp\/v2\/product_cat?post=165644"},{"taxonomy":"product_tag","embeddable":true,"href":"https:\/\/explorial.com\/es\/wp-json\/wp\/v2\/product_tag?post=165644"}],"curies":[{"name":"wp","href":"https:\/\/api.w.org\/{rel}","templated":true}]}}