{"id":156198,"date":"2023-12-11T13:12:44","date_gmt":"2023-12-11T13:12:44","guid":{"rendered":"https:\/\/explorial.com\/trails\/visita-de-la-ciudad-lagos-1\/"},"modified":"2024-09-17T14:10:49","modified_gmt":"2024-09-17T14:10:49","slug":"visita-de-la-ciudad-lagos-1","status":"publish","type":"product","link":"https:\/\/explorial.com\/es\/trails\/visita-de-la-ciudad-lagos-1\/","title":{"rendered":"Lagos"},"content":{"rendered":"","protected":false},"excerpt":{"rendered":"","protected":false},"featured_media":156060,"comment_status":"open","ping_status":"closed","template":"","meta":{"_acf_changed":false},"product_brand":[],"product_cat":[2808,478],"product_tag":[2777],"class_list":{"0":"post-156198","1":"product","2":"type-product","3":"status-publish","4":"has-post-thumbnail","6":"product_cat-algarve-es","7":"product_cat-portugal-es","8":"product_tag-lagos-es","10":"first","11":"instock","12":"sale","13":"taxable","14":"shipping-taxable","15":"purchasable","16":"product-type-variable"},"acf":{"city_name":"Lagos","city_name_display":"Lagos","languages":"Portugu\u00e9s, Ingl\u00e9s","duration":"aprox. 1.5 - 2 horas","description_1":"","description_2":"","city_description":"","short_description":"","notes":"","header_image":156054,"highlight_locations":"Muralhas de Lagos, Antiga C\u00e2mara Municipal de Lagos, Mercado Municipal de Lagos","additional_wheelchair":"Lamentablemente, este recorrido es s\u00f3lo parcialmente apto para sillas de ruedas y coches de beb\u00e9s debido a los desniveles y escaleras. No obstante, el recorrido se puede realizar, pero algunos tramos pueden ser de dif\u00edcil acceso.","voucher_link":"","start_location_coordinates":"37.10754, -8.67486","start_location_name":"Marina de Lagos","start_location_address":"Edif\u00edcio da Administra\u00e7\u00e3o, 8600-315, Lagos, Portugal","end_location_name":"Forte da Ponta da Bandeira","partner_object":null},"_links":{"self":[{"href":"https:\/\/explorial.com\/es\/wp-json\/wp\/v2\/product\/156198","targetHints":{"allow":["GET"]}}],"collection":[{"href":"https:\/\/explorial.com\/es\/wp-json\/wp\/v2\/product"}],"about":[{"href":"https:\/\/explorial.com\/es\/wp-json\/wp\/v2\/types\/product"}],"replies":[{"embeddable":true,"href":"https:\/\/explorial.com\/es\/wp-json\/wp\/v2\/comments?post=156198"}],"wp:featuredmedia":[{"embeddable":true,"href":"https:\/\/explorial.com\/es\/wp-json\/wp\/v2\/media\/156060"}],"wp:attachment":[{"href":"https:\/\/explorial.com\/es\/wp-json\/wp\/v2\/media?parent=156198"}],"wp:term":[{"taxonomy":"product_brand","embeddable":true,"href":"https:\/\/explorial.com\/es\/wp-json\/wp\/v2\/product_brand?post=156198"},{"taxonomy":"product_cat","embeddable":true,"href":"https:\/\/explorial.com\/es\/wp-json\/wp\/v2\/product_cat?post=156198"},{"taxonomy":"product_tag","embeddable":true,"href":"https:\/\/explorial.com\/es\/wp-json\/wp\/v2\/product_tag?post=156198"}],"curies":[{"name":"wp","href":"https:\/\/api.w.org\/{rel}","templated":true}]}}