{"id":155912,"date":"2023-12-11T13:09:42","date_gmt":"2023-12-11T13:09:42","guid":{"rendered":"https:\/\/explorial.com\/trails\/visita-de-la-ciudad-faro-1\/"},"modified":"2024-09-17T13:44:44","modified_gmt":"2024-09-17T13:44:44","slug":"visita-de-la-ciudad-faro-1","status":"publish","type":"product","link":"https:\/\/explorial.com\/es\/trails\/visita-de-la-ciudad-faro-1\/","title":{"rendered":"Faro"},"content":{"rendered":"","protected":false},"excerpt":{"rendered":"","protected":false},"featured_media":155771,"comment_status":"open","ping_status":"closed","template":"","meta":{"_acf_changed":false},"product_brand":[],"product_cat":[2808,478],"product_tag":[2181],"class_list":{"0":"post-155912","1":"product","2":"type-product","3":"status-publish","4":"has-post-thumbnail","6":"product_cat-algarve-es","7":"product_cat-portugal-es","8":"product_tag-faro-es","10":"first","11":"instock","12":"sale","13":"taxable","14":"shipping-taxable","15":"purchasable","16":"product-type-variable"},"acf":{"city_name":"Faro","city_name_display":"Faro","languages":"Portugu\u00e9s, Ingl\u00e9s","duration":"aprox. 1.5 - 2 horas","description_1":"","description_2":"","city_description":"","short_description":"","notes":"","header_image":155765,"highlight_locations":"Igreja de Santa Maria, Arco da Vila, Pal\u00e1cio Belmar\u00e7o","additional_wheelchair":"Lamentablemente, este recorrido es s\u00f3lo parcialmente apto para sillas de ruedas y coches de beb\u00e9s debido a los desniveles y escaleras. No obstante, el recorrido se puede realizar, pero algunos tramos pueden ser de dif\u00edcil acceso.","voucher_link":"","start_location_coordinates":"37.0123, -7.9355","start_location_name":"Rosa dos Ventos","start_location_address":"R. Cmte. Francisco Manuel, 8000-250 Faro, Portugal","end_location_name":"Marina de Faro","partner_object":null},"_links":{"self":[{"href":"https:\/\/explorial.com\/es\/wp-json\/wp\/v2\/product\/155912","targetHints":{"allow":["GET"]}}],"collection":[{"href":"https:\/\/explorial.com\/es\/wp-json\/wp\/v2\/product"}],"about":[{"href":"https:\/\/explorial.com\/es\/wp-json\/wp\/v2\/types\/product"}],"replies":[{"embeddable":true,"href":"https:\/\/explorial.com\/es\/wp-json\/wp\/v2\/comments?post=155912"}],"wp:featuredmedia":[{"embeddable":true,"href":"https:\/\/explorial.com\/es\/wp-json\/wp\/v2\/media\/155771"}],"wp:attachment":[{"href":"https:\/\/explorial.com\/es\/wp-json\/wp\/v2\/media?parent=155912"}],"wp:term":[{"taxonomy":"product_brand","embeddable":true,"href":"https:\/\/explorial.com\/es\/wp-json\/wp\/v2\/product_brand?post=155912"},{"taxonomy":"product_cat","embeddable":true,"href":"https:\/\/explorial.com\/es\/wp-json\/wp\/v2\/product_cat?post=155912"},{"taxonomy":"product_tag","embeddable":true,"href":"https:\/\/explorial.com\/es\/wp-json\/wp\/v2\/product_tag?post=155912"}],"curies":[{"name":"wp","href":"https:\/\/api.w.org\/{rel}","templated":true}]}}