{"id":145207,"date":"2023-10-31T15:13:33","date_gmt":"2023-10-31T15:13:33","guid":{"rendered":"https:\/\/explorial.com\/trails\/visita-de-la-ciudad-salvador-2\/"},"modified":"2024-09-09T10:17:11","modified_gmt":"2024-09-09T10:17:11","slug":"visita-de-la-ciudad-salvador-2","status":"publish","type":"product","link":"https:\/\/explorial.com\/es\/trails\/visita-de-la-ciudad-salvador-2\/","title":{"rendered":"Salvador (Pelourinho)"},"content":{"rendered":"","protected":false},"excerpt":{"rendered":"","protected":false},"featured_media":145058,"comment_status":"open","ping_status":"closed","template":"","meta":{"_acf_changed":false},"product_brand":[],"product_cat":[1635,1863],"product_tag":[2065],"class_list":{"0":"post-145207","1":"product","2":"type-product","3":"status-publish","4":"has-post-thumbnail","6":"product_cat-brazil-es","7":"product_cat-northeast-region-es","8":"product_tag-salvador-es","10":"first","11":"instock","12":"sale","13":"taxable","14":"shipping-taxable","15":"purchasable","16":"product-type-variable"},"acf":{"city_name":"Salvador","city_name_display":"Salvador (Pelourinho)","languages":"Portugu\u00e9s, Ingl\u00e9s","duration":"aprox. 1.5 - 2 horas","description_1":"","description_2":"","city_description":"En ninguna otra ciudad de Brasil est\u00e1 tan omnipresente la cultura afrobrasile\u00f1a como en Salvador, y las ra\u00edces ancestrales de la identidad colectiva local est\u00e1n arraigadas en el barrio del Pelourinho, en el centro hist\u00f3rico de la capital de Bah\u00eda. Explor\u00e1 este rico patrimonio afrobrasile\u00f1o en lugares llenos de energ\u00eda y moldeados por vibrantes tradiciones que resuenan en los edificios coloniales y en las calles empedradas. M\u00e1s que ver, vas a sentir el Pelourinho.","short_description":"","notes":"","header_image":145052,"highlight_locations":"Pra\u00e7a Castro Alves, Igreja Nossa Senhora do Ros\u00e1rio dos Pretos, Funda\u00e7\u00e3o Casa de Jorge Amado","additional_wheelchair":"Lamentablemente, este recorrido es s\u00f3lo parcialmente apto para sillas de ruedas y coches de beb\u00e9s debido a los desniveles y escaleras. No obstante, el recorrido se puede realizar, pero algunos tramos pueden ser de dif\u00edcil acceso.","voucher_link":"","start_location_coordinates":"-12.97724, -38.51451","start_location_name":"Cine Glauber Rocha","start_location_address":"Pra\u00e7a Castro Alves 5, 40020-160, Brasil","end_location_name":"Igreja Nossa Senhora do Ros\u00e1rio dos Pretos (Iglesia de Nuestra Se\u00f1ora del Rosario de los Negros)","partner_object":null},"_links":{"self":[{"href":"https:\/\/explorial.com\/es\/wp-json\/wp\/v2\/product\/145207","targetHints":{"allow":["GET"]}}],"collection":[{"href":"https:\/\/explorial.com\/es\/wp-json\/wp\/v2\/product"}],"about":[{"href":"https:\/\/explorial.com\/es\/wp-json\/wp\/v2\/types\/product"}],"replies":[{"embeddable":true,"href":"https:\/\/explorial.com\/es\/wp-json\/wp\/v2\/comments?post=145207"}],"wp:featuredmedia":[{"embeddable":true,"href":"https:\/\/explorial.com\/es\/wp-json\/wp\/v2\/media\/145058"}],"wp:attachment":[{"href":"https:\/\/explorial.com\/es\/wp-json\/wp\/v2\/media?parent=145207"}],"wp:term":[{"taxonomy":"product_brand","embeddable":true,"href":"https:\/\/explorial.com\/es\/wp-json\/wp\/v2\/product_brand?post=145207"},{"taxonomy":"product_cat","embeddable":true,"href":"https:\/\/explorial.com\/es\/wp-json\/wp\/v2\/product_cat?post=145207"},{"taxonomy":"product_tag","embeddable":true,"href":"https:\/\/explorial.com\/es\/wp-json\/wp\/v2\/product_tag?post=145207"}],"curies":[{"name":"wp","href":"https:\/\/api.w.org\/{rel}","templated":true}]}}