{"id":139814,"date":"2023-10-06T09:35:32","date_gmt":"2023-10-06T09:35:32","guid":{"rendered":"https:\/\/explorial.com\/trails\/visita-de-la-ciudad-basilea-2\/"},"modified":"2024-09-16T10:10:24","modified_gmt":"2024-09-16T10:10:24","slug":"visita-de-la-ciudad-basilea-2","status":"publish","type":"product","link":"https:\/\/explorial.com\/es\/trails\/visita-de-la-ciudad-basilea-2\/","title":{"rendered":"Basilea (Kleinbasel)"},"content":{"rendered":"","protected":false},"excerpt":{"rendered":"","protected":false},"featured_media":139665,"comment_status":"open","ping_status":"closed","template":"","meta":{"_acf_changed":false},"product_brand":[],"product_cat":[821,836],"product_tag":[851],"class_list":{"0":"post-139814","1":"product","2":"type-product","3":"status-publish","4":"has-post-thumbnail","6":"product_cat-switzerland-es","7":"product_cat-central-and-northwestern-switzerland-es","8":"product_tag-basel-es","10":"first","11":"instock","12":"sale","13":"taxable","14":"shipping-taxable","15":"purchasable","16":"product-type-variable"},"acf":{"city_name":"Basilea","city_name_display":"Basilea (Kleinbasel)","languages":"Alem\u00e1n, Ingl\u00e9s","duration":"aprox. 1.5 - 2 horas","description_1":"","description_2":"","city_description":"","short_description":"","notes":"","header_image":139659,"highlight_locations":"Rathaus, B\u00fcrgerliches Waisenhaus Basel, Wettsteinbr\u00fccke","additional_wheelchair":"Lamentablemente, este recorrido es s\u00f3lo parcialmente apto para sillas de ruedas y coches de beb\u00e9s debido a los desniveles y escaleras. No obstante, el recorrido se puede realizar, pero algunos tramos pueden ser de dif\u00edcil acceso.","voucher_link":"","start_location_coordinates":"47.55797, 7.58803","start_location_name":"Marktplatz","start_location_address":"CH-4001 Basel\n","end_location_name":"Galluspforte am Basler M\u00fcnster","partner_object":null},"_links":{"self":[{"href":"https:\/\/explorial.com\/es\/wp-json\/wp\/v2\/product\/139814","targetHints":{"allow":["GET"]}}],"collection":[{"href":"https:\/\/explorial.com\/es\/wp-json\/wp\/v2\/product"}],"about":[{"href":"https:\/\/explorial.com\/es\/wp-json\/wp\/v2\/types\/product"}],"replies":[{"embeddable":true,"href":"https:\/\/explorial.com\/es\/wp-json\/wp\/v2\/comments?post=139814"}],"wp:featuredmedia":[{"embeddable":true,"href":"https:\/\/explorial.com\/es\/wp-json\/wp\/v2\/media\/139665"}],"wp:attachment":[{"href":"https:\/\/explorial.com\/es\/wp-json\/wp\/v2\/media?parent=139814"}],"wp:term":[{"taxonomy":"product_brand","embeddable":true,"href":"https:\/\/explorial.com\/es\/wp-json\/wp\/v2\/product_brand?post=139814"},{"taxonomy":"product_cat","embeddable":true,"href":"https:\/\/explorial.com\/es\/wp-json\/wp\/v2\/product_cat?post=139814"},{"taxonomy":"product_tag","embeddable":true,"href":"https:\/\/explorial.com\/es\/wp-json\/wp\/v2\/product_tag?post=139814"}],"curies":[{"name":"wp","href":"https:\/\/api.w.org\/{rel}","templated":true}]}}