{"id":121982,"date":"2023-09-27T13:32:09","date_gmt":"2023-09-27T13:32:09","guid":{"rendered":"https:\/\/explorial.com\/trails\/visita-de-la-ciudad-rio-de-janeiro-2\/"},"modified":"2024-09-09T10:00:05","modified_gmt":"2024-09-09T10:00:05","slug":"visita-de-la-ciudad-rio-de-janeiro-2","status":"publish","type":"product","link":"https:\/\/explorial.com\/es\/trails\/visita-de-la-ciudad-rio-de-janeiro-2\/","title":{"rendered":"R\u00edo de Janeiro (Urca)"},"content":{"rendered":"","protected":false},"excerpt":{"rendered":"","protected":false},"featured_media":121491,"comment_status":"open","ping_status":"closed","template":"","meta":{"_acf_changed":false},"product_brand":[],"product_cat":[1635,1641],"product_tag":[2029],"class_list":{"0":"post-121982","1":"product","2":"type-product","3":"status-publish","4":"has-post-thumbnail","6":"product_cat-brazil-es","7":"product_cat-southeast-region-es","8":"product_tag-rio-de-janeiro-es","10":"first","11":"instock","12":"sale","13":"taxable","14":"shipping-taxable","15":"purchasable","16":"product-type-variable"},"acf":{"city_name":"R\u00edo de Janeiro","city_name_display":"R\u00edo de Janeiro (Urca)","languages":"Portugu\u00e9s, Espa\u00f1ol, Ingl\u00e9s","duration":"aprox. 1.5 - 2 horas","description_1":"","description_2":"","city_description":"Urca, la regi\u00f3n donde naci\u00f3 R\u00edo de Janeiro, combina paisajes exuberantes con el pasado de la ciudad. Descubr\u00ed la extraordinaria historia de este lugar y divertite explorando algunos de los puntos tur\u00edsticos m\u00e1s encantadores de R\u00edo, mientras disfrut\u00e1s de vistas de postal, como la bah\u00eda de Guanabara, el Corcovado y el Pan de Az\u00facar. Urca tiene todo esto y m\u00e1s: es un destino imperdible para conocer a fondo la historia de una de las ciudades m\u00e1s emblem\u00e1ticas de Brasil.","short_description":"","notes":"","header_image":121468,"highlight_locations":"Mureta da Urca, Museu de Ci\u00eancias da Terra, Praia Vermelha","additional_wheelchair":"Lamentablemente, este recorrido es s\u00f3lo parcialmente apto para sillas de ruedas y coches de beb\u00e9s debido a los desniveles y escaleras. No obstante, el recorrido se puede realizar, pero algunos tramos pueden ser de dif\u00edcil acceso.","voucher_link":"","start_location_coordinates":"-22.94596, -43.16247","start_location_name":"Pra\u00e7a Raul Guedes","start_location_address":"Pra\u00e7a Raul Guedes, 22291-200, Brasil","end_location_name":"Playa Vermelha","partner_object":null},"_links":{"self":[{"href":"https:\/\/explorial.com\/es\/wp-json\/wp\/v2\/product\/121982","targetHints":{"allow":["GET"]}}],"collection":[{"href":"https:\/\/explorial.com\/es\/wp-json\/wp\/v2\/product"}],"about":[{"href":"https:\/\/explorial.com\/es\/wp-json\/wp\/v2\/types\/product"}],"replies":[{"embeddable":true,"href":"https:\/\/explorial.com\/es\/wp-json\/wp\/v2\/comments?post=121982"}],"wp:featuredmedia":[{"embeddable":true,"href":"https:\/\/explorial.com\/es\/wp-json\/wp\/v2\/media\/121491"}],"wp:attachment":[{"href":"https:\/\/explorial.com\/es\/wp-json\/wp\/v2\/media?parent=121982"}],"wp:term":[{"taxonomy":"product_brand","embeddable":true,"href":"https:\/\/explorial.com\/es\/wp-json\/wp\/v2\/product_brand?post=121982"},{"taxonomy":"product_cat","embeddable":true,"href":"https:\/\/explorial.com\/es\/wp-json\/wp\/v2\/product_cat?post=121982"},{"taxonomy":"product_tag","embeddable":true,"href":"https:\/\/explorial.com\/es\/wp-json\/wp\/v2\/product_tag?post=121982"}],"curies":[{"name":"wp","href":"https:\/\/api.w.org\/{rel}","templated":true}]}}