{"id":120908,"date":"2023-09-27T13:28:06","date_gmt":"2023-09-27T13:28:06","guid":{"rendered":"https:\/\/explorial.com\/trails\/visita-de-la-ciudad-rio-de-janeiro-1\/"},"modified":"2024-09-09T10:27:42","modified_gmt":"2024-09-09T10:27:42","slug":"visita-de-la-ciudad-rio-de-janeiro-1","status":"publish","type":"product","link":"https:\/\/explorial.com\/es\/trails\/visita-de-la-ciudad-rio-de-janeiro-1\/","title":{"rendered":"R\u00edo de Janeiro (Ipanema y Copacabana)"},"content":{"rendered":"","protected":false},"excerpt":{"rendered":"","protected":false},"featured_media":120682,"comment_status":"open","ping_status":"closed","template":"","meta":{"_acf_changed":false},"product_brand":[],"product_cat":[1635,1641],"product_tag":[2029],"class_list":{"0":"post-120908","1":"product","2":"type-product","3":"status-publish","4":"has-post-thumbnail","6":"product_cat-brazil-es","7":"product_cat-southeast-region-es","8":"product_tag-rio-de-janeiro-es","10":"first","11":"instock","12":"sale","13":"taxable","14":"shipping-taxable","15":"purchasable","16":"product-type-variable"},"acf":{"city_name":"R\u00edo de Janeiro","city_name_display":"R\u00edo de Janeiro (Ipanema y Copacabana)","languages":"Portugu\u00e9s, Ingl\u00e9s, Espa\u00f1ol","duration":"aprox. 1.5 - 2 horas","description_1":"","description_2":"","city_description":"Paisajes maravillosos, playas deslumbrantes y una atm\u00f3sfera energ\u00e9tica que transmite una sensaci\u00f3n ideal de felicidad. Ipanema y Copacabana dan forma al aura m\u00edtica de R\u00edo de Janeiro, la ciudad s\u00edntesis de Brasil. Los dos barrios transmiten la esencia de la forma de ser de los cariocas, que llevan una vida alegre junto a la naturaleza. Explor\u00e1 lugares incre\u00edbles, descubr\u00ed los or\u00edgenes de los grandes \u00e9xitos de la m\u00fasica brasile\u00f1a y conoc\u00e9 historias legendarias de la Ciudad Maravillosa.","short_description":"","notes":"","header_image":120670,"highlight_locations":"Praia de Ipanema, Arpoador, Praia de Copacabana","additional_wheelchair":"Lamentablemente, este recorrido es s\u00f3lo parcialmente apto para sillas de ruedas y coches de beb\u00e9s debido a los desniveles y escaleras. No obstante, el recorrido se puede realizar, pero algunos tramos pueden ser de dif\u00edcil acceso.","voucher_link":"","start_location_coordinates":"-22.9841, -43.20511","start_location_name":"Esta\u00e7\u00e3o Nossa Senhora da Paz (Estaci\u00f3n Nuestra Se\u00f1ora de la Paz)","start_location_address":"Esta\u00e7\u00e3o Nossa Senhora da Paz, Ipanema, Acesso A, 22411-001, Brasil","end_location_name":"Estatua de Drummond","partner_object":null},"_links":{"self":[{"href":"https:\/\/explorial.com\/es\/wp-json\/wp\/v2\/product\/120908","targetHints":{"allow":["GET"]}}],"collection":[{"href":"https:\/\/explorial.com\/es\/wp-json\/wp\/v2\/product"}],"about":[{"href":"https:\/\/explorial.com\/es\/wp-json\/wp\/v2\/types\/product"}],"replies":[{"embeddable":true,"href":"https:\/\/explorial.com\/es\/wp-json\/wp\/v2\/comments?post=120908"}],"wp:featuredmedia":[{"embeddable":true,"href":"https:\/\/explorial.com\/es\/wp-json\/wp\/v2\/media\/120682"}],"wp:attachment":[{"href":"https:\/\/explorial.com\/es\/wp-json\/wp\/v2\/media?parent=120908"}],"wp:term":[{"taxonomy":"product_brand","embeddable":true,"href":"https:\/\/explorial.com\/es\/wp-json\/wp\/v2\/product_brand?post=120908"},{"taxonomy":"product_cat","embeddable":true,"href":"https:\/\/explorial.com\/es\/wp-json\/wp\/v2\/product_cat?post=120908"},{"taxonomy":"product_tag","embeddable":true,"href":"https:\/\/explorial.com\/es\/wp-json\/wp\/v2\/product_tag?post=120908"}],"curies":[{"name":"wp","href":"https:\/\/api.w.org\/{rel}","templated":true}]}}