{"id":120056,"date":"2023-09-27T13:20:52","date_gmt":"2023-09-27T13:20:52","guid":{"rendered":"https:\/\/explorial.com\/trails\/visita-de-la-ciudad-ciudad-de-san-marino-1\/"},"modified":"2024-09-10T09:43:26","modified_gmt":"2024-09-10T09:43:26","slug":"visita-de-la-ciudad-ciudad-de-san-marino-1","status":"publish","type":"product","link":"https:\/\/explorial.com\/es\/trails\/visita-de-la-ciudad-ciudad-de-san-marino-1\/","title":{"rendered":"Ciudad de San Marino"},"content":{"rendered":"","protected":false},"excerpt":{"rendered":"","protected":false},"featured_media":119889,"comment_status":"open","ping_status":"closed","template":"","meta":{"_acf_changed":false},"product_brand":[],"product_cat":[2017,2011],"product_tag":[2005],"class_list":{"0":"post-120056","1":"product","2":"type-product","3":"status-publish","4":"has-post-thumbnail","6":"product_cat-san-marino-region-es","7":"product_cat-san-marino-es","8":"product_tag-city-of-san-marino-es","10":"first","11":"instock","12":"sale","13":"taxable","14":"shipping-taxable","15":"purchasable","16":"product-type-variable"},"acf":{"city_name":"Ciudad de San Marino","city_name_display":"Ciudad de San Marino","languages":"Italiano, Ingl\u00e9s","duration":"aprox. 1.5 - 2 horas","description_1":"","description_2":"","city_description":"","short_description":"","notes":"","header_image":119883,"highlight_locations":"Le Mura, Piazza della Libert\u00e0, Seconda Torre: Cesta o Fratta","additional_wheelchair":"Lamentablemente, este recorrido es s\u00f3lo parcialmente apto para sillas de ruedas y coches de beb\u00e9s debido a los desniveles y escaleras. No obstante, el recorrido se puede realizar, pero algunos tramos pueden ser de dif\u00edcil acceso.","voucher_link":"","start_location_coordinates":"43.9347, 12.44756","start_location_name":"Piazza Sant\u2019Agata","start_location_address":"Piazza Sant'Agata, 5, 47890 Citt\u00e0 di San Marino, San Marino","end_location_name":"Porta della Fratta","partner_object":null},"_links":{"self":[{"href":"https:\/\/explorial.com\/es\/wp-json\/wp\/v2\/product\/120056","targetHints":{"allow":["GET"]}}],"collection":[{"href":"https:\/\/explorial.com\/es\/wp-json\/wp\/v2\/product"}],"about":[{"href":"https:\/\/explorial.com\/es\/wp-json\/wp\/v2\/types\/product"}],"replies":[{"embeddable":true,"href":"https:\/\/explorial.com\/es\/wp-json\/wp\/v2\/comments?post=120056"}],"wp:featuredmedia":[{"embeddable":true,"href":"https:\/\/explorial.com\/es\/wp-json\/wp\/v2\/media\/119889"}],"wp:attachment":[{"href":"https:\/\/explorial.com\/es\/wp-json\/wp\/v2\/media?parent=120056"}],"wp:term":[{"taxonomy":"product_brand","embeddable":true,"href":"https:\/\/explorial.com\/es\/wp-json\/wp\/v2\/product_brand?post=120056"},{"taxonomy":"product_cat","embeddable":true,"href":"https:\/\/explorial.com\/es\/wp-json\/wp\/v2\/product_cat?post=120056"},{"taxonomy":"product_tag","embeddable":true,"href":"https:\/\/explorial.com\/es\/wp-json\/wp\/v2\/product_tag?post=120056"}],"curies":[{"name":"wp","href":"https:\/\/api.w.org\/{rel}","templated":true}]}}