{"id":119468,"date":"2023-09-27T13:13:15","date_gmt":"2023-09-27T13:13:15","guid":{"rendered":"https:\/\/explorial.com\/trails\/visita-de-la-ciudad-bergamo-1\/"},"modified":"2024-09-17T12:00:51","modified_gmt":"2024-09-17T12:00:51","slug":"visita-de-la-ciudad-bergamo-1","status":"publish","type":"product","link":"https:\/\/explorial.com\/es\/trails\/visita-de-la-ciudad-bergamo-1\/","title":{"rendered":"B\u00e9rgamo"},"content":{"rendered":"","protected":false},"excerpt":{"rendered":"","protected":false},"featured_media":119307,"comment_status":"open","ping_status":"closed","template":"","meta":{"_acf_changed":false},"product_brand":[],"product_cat":[1435,1987],"product_tag":[1981],"class_list":{"0":"post-119468","1":"product","2":"type-product","3":"status-publish","4":"has-post-thumbnail","6":"product_cat-italy-es","7":"product_cat-lombardy-es","8":"product_tag-bergamo-es","10":"first","11":"instock","12":"sale","13":"taxable","14":"shipping-taxable","15":"purchasable","16":"product-type-variable"},"acf":{"city_name":"B\u00e9rgamo","city_name_display":"B\u00e9rgamo","languages":"Ingl\u00e9s, Italiano","duration":"aprox. 1.5 - 2 horas","description_1":"","description_2":"","city_description":"","short_description":"","notes":"","header_image":119301,"highlight_locations":"Mura Veneziane, Piazza Vecchia, Basilica di Santa Maria Maggiore","additional_wheelchair":"Lamentablemente, este recorrido es s\u00f3lo parcialmente apto para sillas de ruedas y coches de beb\u00e9s debido a los desniveles y escaleras. No obstante, el recorrido se puede realizar, pero algunos tramos pueden ser de dif\u00edcil acceso.","voucher_link":"","start_location_coordinates":" 45.70407, 9.67224","start_location_name":"Porta di Sant\u2019Agostino","start_location_address":"V.le V. Emanuele II, Bergamo BG, Italia\n\n","end_location_name":"Porta San Giacomo","partner_object":null},"_links":{"self":[{"href":"https:\/\/explorial.com\/es\/wp-json\/wp\/v2\/product\/119468","targetHints":{"allow":["GET"]}}],"collection":[{"href":"https:\/\/explorial.com\/es\/wp-json\/wp\/v2\/product"}],"about":[{"href":"https:\/\/explorial.com\/es\/wp-json\/wp\/v2\/types\/product"}],"replies":[{"embeddable":true,"href":"https:\/\/explorial.com\/es\/wp-json\/wp\/v2\/comments?post=119468"}],"wp:featuredmedia":[{"embeddable":true,"href":"https:\/\/explorial.com\/es\/wp-json\/wp\/v2\/media\/119307"}],"wp:attachment":[{"href":"https:\/\/explorial.com\/es\/wp-json\/wp\/v2\/media?parent=119468"}],"wp:term":[{"taxonomy":"product_brand","embeddable":true,"href":"https:\/\/explorial.com\/es\/wp-json\/wp\/v2\/product_brand?post=119468"},{"taxonomy":"product_cat","embeddable":true,"href":"https:\/\/explorial.com\/es\/wp-json\/wp\/v2\/product_cat?post=119468"},{"taxonomy":"product_tag","embeddable":true,"href":"https:\/\/explorial.com\/es\/wp-json\/wp\/v2\/product_tag?post=119468"}],"curies":[{"name":"wp","href":"https:\/\/api.w.org\/{rel}","templated":true}]}}