{"id":119192,"date":"2023-09-27T13:09:10","date_gmt":"2023-09-27T13:09:10","guid":{"rendered":"https:\/\/explorial.com\/trails\/visita-de-la-ciudad-leon-1\/"},"modified":"2024-09-17T07:22:23","modified_gmt":"2024-09-17T07:22:23","slug":"visita-de-la-ciudad-leon-1","status":"publish","type":"product","link":"https:\/\/explorial.com\/es\/trails\/visita-de-la-ciudad-leon-1\/","title":{"rendered":"Le\u00f3n"},"content":{"rendered":"","protected":false},"excerpt":{"rendered":"","protected":false},"featured_media":119043,"comment_status":"open","ping_status":"closed","template":"","meta":{"_acf_changed":false},"product_brand":[],"product_cat":[1453,422],"product_tag":[1975],"class_list":{"0":"post-119192","1":"product","2":"type-product","3":"status-publish","4":"has-post-thumbnail","6":"product_cat-castile-and-leon-es","7":"product_cat-spain-es","8":"product_tag-leon-es","10":"first","11":"instock","12":"sale","13":"taxable","14":"shipping-taxable","15":"purchasable","16":"product-type-variable"},"acf":{"city_name":"Le\u00f3n","city_name_display":"Le\u00f3n","languages":"Espa\u00f1ol, Ingl\u00e9s","duration":"aprox. 1.5 - 2 horas","description_1":"","description_2":"","city_description":"En el noroeste de Espa\u00f1a, Le\u00f3n impresiona con su espl\u00e9ndida catedral, sus laber\u00ednticas calles y sus preciosas plazas, donde descubrir\u00e1s maravillas arquitect\u00f3nicas como la bas\u00edlica rom\u00e1nica de San Isidoro, la modernista Casa Botines de Gaud\u00ed y el renacentista convento de San Marcos. Visitar Le\u00f3n es sin\u00f3nimo de riqueza hist\u00f3rica, cultural y gastron\u00f3mica, \u00a1no te lo pierdas!","short_description":"","notes":"","header_image":119037,"highlight_locations":"Catedral de Le\u00f3n, Plaza San Isidoro, Convento de San Marcos","additional_wheelchair":"Lamentablemente, este recorrido es s\u00f3lo parcialmente apto para sillas de ruedas y coches de beb\u00e9s debido a los desniveles y escaleras. No obstante, el recorrido se puede realizar, pero algunos tramos pueden ser de dif\u00edcil acceso.","voucher_link":"","start_location_coordinates":"42.59887, -5.56743","start_location_name":"Plaza de Regla","start_location_address":"Pl. de Regla, 24003 Espa\u00f1a","end_location_name":"Convento de San Marcos","partner_object":null},"_links":{"self":[{"href":"https:\/\/explorial.com\/es\/wp-json\/wp\/v2\/product\/119192","targetHints":{"allow":["GET"]}}],"collection":[{"href":"https:\/\/explorial.com\/es\/wp-json\/wp\/v2\/product"}],"about":[{"href":"https:\/\/explorial.com\/es\/wp-json\/wp\/v2\/types\/product"}],"replies":[{"embeddable":true,"href":"https:\/\/explorial.com\/es\/wp-json\/wp\/v2\/comments?post=119192"}],"wp:featuredmedia":[{"embeddable":true,"href":"https:\/\/explorial.com\/es\/wp-json\/wp\/v2\/media\/119043"}],"wp:attachment":[{"href":"https:\/\/explorial.com\/es\/wp-json\/wp\/v2\/media?parent=119192"}],"wp:term":[{"taxonomy":"product_brand","embeddable":true,"href":"https:\/\/explorial.com\/es\/wp-json\/wp\/v2\/product_brand?post=119192"},{"taxonomy":"product_cat","embeddable":true,"href":"https:\/\/explorial.com\/es\/wp-json\/wp\/v2\/product_cat?post=119192"},{"taxonomy":"product_tag","embeddable":true,"href":"https:\/\/explorial.com\/es\/wp-json\/wp\/v2\/product_tag?post=119192"}],"curies":[{"name":"wp","href":"https:\/\/api.w.org\/{rel}","templated":true}]}}