{"id":118958,"date":"2023-09-27T13:03:40","date_gmt":"2023-09-27T13:03:40","guid":{"rendered":"https:\/\/explorial.com\/trails\/visita-de-la-ciudad-aviles-1\/"},"modified":"2024-09-17T07:37:31","modified_gmt":"2024-09-17T07:37:31","slug":"visita-de-la-ciudad-aviles-1","status":"publish","type":"product","link":"https:\/\/explorial.com\/es\/trails\/visita-de-la-ciudad-aviles-1\/","title":{"rendered":"Avil\u00e9s"},"content":{"rendered":"","protected":false},"excerpt":{"rendered":"","protected":false},"featured_media":118809,"comment_status":"open","ping_status":"closed","template":"","meta":{"_acf_changed":false},"product_brand":[],"product_cat":[422,1776],"product_tag":[1969],"class_list":{"0":"post-118958","1":"product","2":"type-product","3":"status-publish","4":"has-post-thumbnail","6":"product_cat-spain-es","7":"product_cat-principality-of-asturias-es","8":"product_tag-aviles-es","10":"first","11":"instock","12":"sale","13":"taxable","14":"shipping-taxable","15":"purchasable","16":"product-type-variable"},"acf":{"city_name":"Avil\u00e9s","city_name_display":"Avil\u00e9s","languages":"Espa\u00f1ol, Ingl\u00e9s","duration":"aprox. 1.5 - 2 horas","description_1":"","description_2":"","city_description":"Avil\u00e9s es la joya medieval de Asturias. Su casco antiguo te seducir\u00e1 con su arquitectura hist\u00f3rica, sus encantadoras calles empedradas y sus encantadores soportales. Descubre la magia de sus plazas, explora sus museos y d\u00e9jate maravillar por su arquitectura g\u00f3tica, barroca y modernista. Pero Avil\u00e9s no se limita solo a su casco antiguo, tambi\u00e9n te sorprender\u00e1 con su arquitectura vanguardista y las imaginativas curvas del Centro Cultural Niemeyer. Avil\u00e9s rebosa vida cultural y te espera para vivir una experiencia inolvidable.","short_description":"","notes":"","header_image":118803,"highlight_locations":"La Monstrua de Avil\u00e9s, Palacio de Camposagrado, Plaza de Espa\u00f1a","additional_wheelchair":"Lamentablemente, este recorrido es s\u00f3lo parcialmente apto para sillas de ruedas y coches de beb\u00e9s debido a los desniveles y escaleras. No obstante, el recorrido se puede realizar, pero algunos tramos pueden ser de dif\u00edcil acceso.","voucher_link":"","start_location_coordinates":"43.55844, -5.92175","start_location_name":"Parque del Muelle","start_location_address":"C. Emile Robin, 3, 33401 Avil\u00e9s, Espa\u00f1a","end_location_name":"Plaza el Carbayedo","partner_object":null},"_links":{"self":[{"href":"https:\/\/explorial.com\/es\/wp-json\/wp\/v2\/product\/118958","targetHints":{"allow":["GET"]}}],"collection":[{"href":"https:\/\/explorial.com\/es\/wp-json\/wp\/v2\/product"}],"about":[{"href":"https:\/\/explorial.com\/es\/wp-json\/wp\/v2\/types\/product"}],"replies":[{"embeddable":true,"href":"https:\/\/explorial.com\/es\/wp-json\/wp\/v2\/comments?post=118958"}],"wp:featuredmedia":[{"embeddable":true,"href":"https:\/\/explorial.com\/es\/wp-json\/wp\/v2\/media\/118809"}],"wp:attachment":[{"href":"https:\/\/explorial.com\/es\/wp-json\/wp\/v2\/media?parent=118958"}],"wp:term":[{"taxonomy":"product_brand","embeddable":true,"href":"https:\/\/explorial.com\/es\/wp-json\/wp\/v2\/product_brand?post=118958"},{"taxonomy":"product_cat","embeddable":true,"href":"https:\/\/explorial.com\/es\/wp-json\/wp\/v2\/product_cat?post=118958"},{"taxonomy":"product_tag","embeddable":true,"href":"https:\/\/explorial.com\/es\/wp-json\/wp\/v2\/product_tag?post=118958"}],"curies":[{"name":"wp","href":"https:\/\/api.w.org\/{rel}","templated":true}]}}