{"id":118160,"date":"2023-09-27T12:55:19","date_gmt":"2023-09-27T12:55:19","guid":{"rendered":"https:\/\/explorial.com\/trails\/visita-de-la-ciudad-amsterdam-1\/"},"modified":"2024-09-10T08:03:45","modified_gmt":"2024-09-10T08:03:45","slug":"visita-de-la-ciudad-amsterdam-1","status":"publish","type":"product","link":"https:\/\/explorial.com\/es\/trails\/visita-de-la-ciudad-amsterdam-1\/","title":{"rendered":"\u00c1msterdam (Center)"},"content":{"rendered":"","protected":false},"excerpt":{"rendered":"","protected":false},"featured_media":118011,"comment_status":"open","ping_status":"closed","template":"","meta":{"_acf_changed":false},"product_brand":[],"product_cat":[1963,1794],"product_tag":[1957],"class_list":{"0":"post-118160","1":"product","2":"type-product","3":"status-publish","4":"has-post-thumbnail","6":"product_cat-north-holland-es","7":"product_cat-netherlands-es","8":"product_tag-amsterdam-es","10":"first","11":"instock","12":"sale","13":"taxable","14":"shipping-taxable","15":"purchasable","16":"product-type-variable"},"acf":{"city_name":"\u00c1msterdam","city_name_display":"\u00c1msterdam (Center)","languages":"Ingl\u00e9s","duration":"aprox. 1.5 - 2 horas","description_1":"","description_2":"","city_description":"","short_description":"","notes":"","header_image":118005,"highlight_locations":"The Old Church, East India House , In \u2019t Aepjen","additional_wheelchair":"Lamentablemente, este recorrido es s\u00f3lo parcialmente apto para sillas de ruedas y coches de beb\u00e9s debido a los desniveles y escaleras. No obstante, el recorrido se puede realizar, pero algunos tramos pueden ser de dif\u00edcil acceso.","voucher_link":"","start_location_coordinates":"52.37784, 4.90076","start_location_name":"Amsterdam Central Station","start_location_address":"Burgwallen-Nieuwe Zijde, 1012 AB Amsterdam","end_location_name":"He Hua Temple","partner_object":null},"_links":{"self":[{"href":"https:\/\/explorial.com\/es\/wp-json\/wp\/v2\/product\/118160","targetHints":{"allow":["GET"]}}],"collection":[{"href":"https:\/\/explorial.com\/es\/wp-json\/wp\/v2\/product"}],"about":[{"href":"https:\/\/explorial.com\/es\/wp-json\/wp\/v2\/types\/product"}],"replies":[{"embeddable":true,"href":"https:\/\/explorial.com\/es\/wp-json\/wp\/v2\/comments?post=118160"}],"wp:featuredmedia":[{"embeddable":true,"href":"https:\/\/explorial.com\/es\/wp-json\/wp\/v2\/media\/118011"}],"wp:attachment":[{"href":"https:\/\/explorial.com\/es\/wp-json\/wp\/v2\/media?parent=118160"}],"wp:term":[{"taxonomy":"product_brand","embeddable":true,"href":"https:\/\/explorial.com\/es\/wp-json\/wp\/v2\/product_brand?post=118160"},{"taxonomy":"product_cat","embeddable":true,"href":"https:\/\/explorial.com\/es\/wp-json\/wp\/v2\/product_cat?post=118160"},{"taxonomy":"product_tag","embeddable":true,"href":"https:\/\/explorial.com\/es\/wp-json\/wp\/v2\/product_tag?post=118160"}],"curies":[{"name":"wp","href":"https:\/\/api.w.org\/{rel}","templated":true}]}}