{"id":113151,"date":"2023-09-12T08:09:32","date_gmt":"2023-09-12T08:09:32","guid":{"rendered":"https:\/\/explorial.com\/trails\/visita-de-la-ciudad-olinda-1\/"},"modified":"2024-09-09T10:03:34","modified_gmt":"2024-09-09T10:03:34","slug":"visita-de-la-ciudad-olinda-1","status":"publish","type":"product","link":"https:\/\/explorial.com\/es\/trails\/visita-de-la-ciudad-olinda-1\/","title":{"rendered":"Olinda"},"content":{"rendered":"","protected":false},"excerpt":{"rendered":"","protected":false},"featured_media":113002,"comment_status":"open","ping_status":"closed","template":"","meta":{"_acf_changed":false},"product_brand":[],"product_cat":[1635,1863],"product_tag":[1857],"class_list":{"0":"post-113151","1":"product","2":"type-product","3":"status-publish","4":"has-post-thumbnail","6":"product_cat-brazil-es","7":"product_cat-northeast-region-es","8":"product_tag-olinda-es","10":"first","11":"instock","12":"sale","13":"taxable","14":"shipping-taxable","15":"purchasable","16":"product-type-variable"},"acf":{"city_name":"Olinda","city_name_display":"Olinda","languages":"Portugu\u00e9s, Ingl\u00e9s, Espa\u00f1ol","duration":"aprox. 1.5 - 2 horas","description_1":"","description_2":"","city_description":"La encantadora ciudad de Olinda, situada en el estado de Pernambuco, est\u00e1 muy cerca de la capital, Recife. Considerada una de las ciudades coloniales mejor conservadas de Brasil, cuenta con varias iglesias barrocas, arquitectura r\u00fastica y casas de colores. Adem\u00e1s de su famoso carnaval callejero, Olinda es conocida por su gran variedad de galer\u00edas de arte. Ven\u00ed a descubrir los encantos de Olinda y dejate atrapar por su ambiente cautivador.","short_description":"","notes":"","header_image":112996,"highlight_locations":"Catedral da S\u00e9, Mosteiro de S\u00e3o Bento, Casa de Alceu Valen\u00e7a","additional_wheelchair":"Lamentablemente, este recorrido es s\u00f3lo parcialmente apto para sillas de ruedas y coches de beb\u00e9s debido a los desniveles y escaleras. No obstante, el recorrido se puede realizar, pero algunos tramos pueden ser de dif\u00edcil acceso.","voucher_link":"","start_location_coordinates":"-8.01921, -34.85351","start_location_name":"C\u00e2mara Municipal de Olinda","start_location_address":"R. Quinze de Novembro 94, 53020-070, Brasil","end_location_name":"Catedral da S\u00e9","partner_object":null},"_links":{"self":[{"href":"https:\/\/explorial.com\/es\/wp-json\/wp\/v2\/product\/113151","targetHints":{"allow":["GET"]}}],"collection":[{"href":"https:\/\/explorial.com\/es\/wp-json\/wp\/v2\/product"}],"about":[{"href":"https:\/\/explorial.com\/es\/wp-json\/wp\/v2\/types\/product"}],"replies":[{"embeddable":true,"href":"https:\/\/explorial.com\/es\/wp-json\/wp\/v2\/comments?post=113151"}],"wp:featuredmedia":[{"embeddable":true,"href":"https:\/\/explorial.com\/es\/wp-json\/wp\/v2\/media\/113002"}],"wp:attachment":[{"href":"https:\/\/explorial.com\/es\/wp-json\/wp\/v2\/media?parent=113151"}],"wp:term":[{"taxonomy":"product_brand","embeddable":true,"href":"https:\/\/explorial.com\/es\/wp-json\/wp\/v2\/product_brand?post=113151"},{"taxonomy":"product_cat","embeddable":true,"href":"https:\/\/explorial.com\/es\/wp-json\/wp\/v2\/product_cat?post=113151"},{"taxonomy":"product_tag","embeddable":true,"href":"https:\/\/explorial.com\/es\/wp-json\/wp\/v2\/product_tag?post=113151"}],"curies":[{"name":"wp","href":"https:\/\/api.w.org\/{rel}","templated":true}]}}