{"id":107359,"date":"2023-08-14T14:32:04","date_gmt":"2023-08-14T14:32:04","guid":{"rendered":"https:\/\/explorial.com\/trails\/visita-de-la-ciudad-oviedo-1\/"},"modified":"2024-09-17T08:09:08","modified_gmt":"2024-09-17T08:09:08","slug":"visita-de-la-ciudad-oviedo-1","status":"publish","type":"product","link":"https:\/\/explorial.com\/es\/trails\/visita-de-la-ciudad-oviedo-1\/","title":{"rendered":"Oviedo"},"content":{"rendered":"","protected":false},"excerpt":{"rendered":"","protected":false},"featured_media":107210,"comment_status":"open","ping_status":"closed","template":"","meta":{"_acf_changed":false},"product_brand":[],"product_cat":[422,1776],"product_tag":[1782],"class_list":{"0":"post-107359","1":"product","2":"type-product","3":"status-publish","4":"has-post-thumbnail","6":"product_cat-spain-es","7":"product_cat-principality-of-asturias-es","8":"product_tag-oviedo-es","10":"first","11":"instock","12":"sale","13":"taxable","14":"shipping-taxable","15":"purchasable","16":"product-type-variable"},"acf":{"city_name":"Oviedo","city_name_display":"Oviedo","languages":"Espa\u00f1ol, Ingl\u00e9s","duration":"aprox. 1.5 - 2 horas","description_1":"","description_2":"","city_description":"Con su elegancia y belleza, Oviedo te seducir\u00e1 desde el primer momento. Descubre joyas de la arquitectura y del arte en sus calles peatonales que cautivaron al c\u00e9lebre cineasta Woody Allen. Los gaiteros, con sus melod\u00edas t\u00edpicas asturianas, te brindar\u00e1n una experiencia inolvidable en esta ciudad, que es \u00a1cuna del Camino de Santiago y un destino imprescindible!","short_description":"","notes":"","header_image":107204,"highlight_locations":"Catedral de Oviedo, Campo de San Francisco, Teatro Campoamor","additional_wheelchair":"Lamentablemente, este recorrido es s\u00f3lo parcialmente apto para sillas de ruedas y coches de beb\u00e9s debido a los desniveles y escaleras. No obstante, el recorrido se puede realizar, pero algunos tramos pueden ser de dif\u00edcil acceso.","voucher_link":"","start_location_coordinates":"43.36037, -5.84512","start_location_name":"Centro de Informaci\u00f3n Tur\u00edstica del Principado de Asturias","start_location_address":"Pl. de la Constituci\u00f3n, 4, 33009 Oviedo, Espa\u00f1a","end_location_name":"Campo de San Francisco","partner_object":null},"_links":{"self":[{"href":"https:\/\/explorial.com\/es\/wp-json\/wp\/v2\/product\/107359","targetHints":{"allow":["GET"]}}],"collection":[{"href":"https:\/\/explorial.com\/es\/wp-json\/wp\/v2\/product"}],"about":[{"href":"https:\/\/explorial.com\/es\/wp-json\/wp\/v2\/types\/product"}],"replies":[{"embeddable":true,"href":"https:\/\/explorial.com\/es\/wp-json\/wp\/v2\/comments?post=107359"}],"wp:featuredmedia":[{"embeddable":true,"href":"https:\/\/explorial.com\/es\/wp-json\/wp\/v2\/media\/107210"}],"wp:attachment":[{"href":"https:\/\/explorial.com\/es\/wp-json\/wp\/v2\/media?parent=107359"}],"wp:term":[{"taxonomy":"product_brand","embeddable":true,"href":"https:\/\/explorial.com\/es\/wp-json\/wp\/v2\/product_brand?post=107359"},{"taxonomy":"product_cat","embeddable":true,"href":"https:\/\/explorial.com\/es\/wp-json\/wp\/v2\/product_cat?post=107359"},{"taxonomy":"product_tag","embeddable":true,"href":"https:\/\/explorial.com\/es\/wp-json\/wp\/v2\/product_tag?post=107359"}],"curies":[{"name":"wp","href":"https:\/\/api.w.org\/{rel}","templated":true}]}}